{"id":7924,"date":"2020-07-24T18:46:56","date_gmt":"2020-07-24T18:46:56","guid":{"rendered":"https:\/\/charcoalproject.org\/?page_id=7924"},"modified":"2020-07-24T20:41:58","modified_gmt":"2020-07-24T20:41:58","slug":"alex-stojanovic","status":"publish","type":"page","link":"https:\/\/www.charcoalproject.org\/fr\/alex-stojanovic\/","title":{"rendered":"Alex Stojanovi\u0107"},"content":{"rendered":"<div data-elementor-type=\"wp-page\" data-elementor-id=\"7924\" class=\"elementor elementor-7924\" data-elementor-post-type=\"page\">\n\t\t\t\t\t\t<section class=\"elementor-section elementor-top-section elementor-element elementor-element-478bbf47 elementor-section-stretched elementor-section-height-min-height elementor-section-boxed elementor-section-height-default elementor-section-items-middle\" data-id=\"478bbf47\" data-element_type=\"section\" data-e-type=\"section\" data-settings=\"{&quot;stretch_section&quot;:&quot;section-stretched&quot;,&quot;background_background&quot;:&quot;classic&quot;}\">\n\t\t\t\t\t\t\t<div class=\"elementor-background-overlay\"><\/div>\n\t\t\t\t\t\t\t<div class=\"elementor-container elementor-column-gap-no\">\n\t\t\t\t\t<div class=\"elementor-column elementor-col-100 elementor-top-column elementor-element elementor-element-11635588\" data-id=\"11635588\" data-element_type=\"column\" data-e-type=\"column\">\n\t\t\t<div class=\"elementor-widget-wrap elementor-element-populated\">\n\t\t\t\t\t\t<div class=\"elementor-element elementor-element-6e57a85 elementor-widget elementor-widget-heading\" data-id=\"6e57a85\" data-element_type=\"widget\" data-e-type=\"widget\" data-widget_type=\"heading.default\">\n\t\t\t\t<div class=\"elementor-widget-container\">\n\t\t\t\t\t<h2 class=\"elementor-heading-title elementor-size-xl\">Alejandro Stojanovic, directeur<\/h2>\t\t\t\t<\/div>\n\t\t\t\t<\/div>\n\t\t\t\t\t<\/div>\n\t\t<\/div>\n\t\t\t\t\t<\/div>\n\t\t<\/section>\n\t\t\t\t<section class=\"elementor-section elementor-top-section elementor-element elementor-element-88dfc6b elementor-section-boxed elementor-section-height-default elementor-section-height-default\" data-id=\"88dfc6b\" data-element_type=\"section\" data-e-type=\"section\">\n\t\t\t\t\t\t<div class=\"elementor-container elementor-column-gap-default\">\n\t\t\t\t\t<div class=\"elementor-column elementor-col-50 elementor-top-column elementor-element elementor-element-f6e1073\" data-id=\"f6e1073\" data-element_type=\"column\" data-e-type=\"column\">\n\t\t\t<div class=\"elementor-widget-wrap elementor-element-populated\">\n\t\t\t\t\t\t<div class=\"elementor-element elementor-element-4666407 elementor-widget elementor-widget-image\" data-id=\"4666407\" data-element_type=\"widget\" data-e-type=\"widget\" data-widget_type=\"image.default\">\n\t\t\t\t<div class=\"elementor-widget-container\">\n\t\t\t\t\t\t\t\t\t\t\t\t\t\t\t<img fetchpriority=\"high\" decoding=\"async\" width=\"491\" height=\"655\" src=\"https:\/\/www.charcoalproject.org\/wp-content\/uploads\/2020\/07\/IMG_0753.jpeg\" class=\"attachment-full size-full wp-image-7944\" alt=\"Alex Stojanovic\" srcset=\"https:\/\/www.charcoalproject.org\/wp-content\/uploads\/2020\/07\/IMG_0753.jpeg 491w, https:\/\/www.charcoalproject.org\/wp-content\/uploads\/2020\/07\/IMG_0753-225x300.jpeg 225w\" sizes=\"(max-width: 491px) 100vw, 491px\" \/>\t\t\t\t\t\t\t\t\t\t\t\t\t\t\t<\/div>\n\t\t\t\t<\/div>\n\t\t\t\t<div class=\"elementor-element elementor-element-3e912f1 elementor-widget elementor-widget-heading\" data-id=\"3e912f1\" data-element_type=\"widget\" data-e-type=\"widget\" data-widget_type=\"heading.default\">\n\t\t\t\t<div class=\"elementor-widget-container\">\n\t\t\t\t\t<h4 class=\"elementor-heading-title elementor-size-default\">Alejandro Stojanovic<\/h4>\t\t\t\t<\/div>\n\t\t\t\t<\/div>\n\t\t\t\t<div class=\"elementor-element elementor-element-7d213e0 elementor-widget elementor-widget-text-editor\" data-id=\"7d213e0\" data-element_type=\"widget\" data-e-type=\"widget\" data-widget_type=\"text-editor.default\">\n\t\t\t\t<div class=\"elementor-widget-container\">\n\t\t\t\t\t\t\t\t\tMembre du conseil consultatif\t\t\t\t\t\t\t\t<\/div>\n\t\t\t\t<\/div>\n\t\t\t\t\t<\/div>\n\t\t<\/div>\n\t\t\t\t<div class=\"elementor-column elementor-col-50 elementor-top-column elementor-element elementor-element-59113e3\" data-id=\"59113e3\" data-element_type=\"column\" data-e-type=\"column\">\n\t\t\t<div class=\"elementor-widget-wrap elementor-element-populated\">\n\t\t\t\t\t\t<div class=\"elementor-element elementor-element-30109a2 elementor-widget elementor-widget-text-editor\" data-id=\"30109a2\" data-element_type=\"widget\" data-e-type=\"widget\" data-widget_type=\"text-editor.default\">\n\t\t\t\t<div class=\"elementor-widget-container\">\n\t\t\t\t\t\t\t\t\t<p>Alejandro (Alex) Stojanovic est un architecte suisse qui vit \u00e0 New York depuis 1992. Il est directeur de<a href=\"http:\/\/www.chcreate.com\/\"> CH Cr\u00e9er<\/a> et le chef de l&#039;\u00e9quipe de conception bas\u00e9e \u00e0 New York. M. Stojanovic a plus de 20 ans d&#039;exp\u00e9rience en architecture et a particip\u00e9 \u00e0 de multiples projets de conception avec d&#039;autres designers internationaux au fil des ans. Il est titulaire d&#039;un baccalaur\u00e9at en philosophie de l&#039;Universit\u00e9 de Zurich, en Suisse.<\/p><p>Son dipl\u00f4me professionnel en architecture et sa ma\u00eetrise en architecture ont \u00e9t\u00e9 obtenus \u00e0 l&#039;Institut f\u00e9d\u00e9ral suisse de Zurich, en Suisse. Ses \u00e9tudes sup\u00e9rieures lui ont valu un certificat sur les pays en d\u00e9veloppement de l&#039;Institut NADEL de l&#039;ETH de Zurich. Apr\u00e8s avoir travaill\u00e9 pour le gouvernement autrichien sur des projets de d\u00e9veloppement au Nicaragua, en Am\u00e9rique centrale, il a d\u00e9m\u00e9nag\u00e9 \u00e0 New York, o\u00f9, apr\u00e8s plusieurs postes dans d&#039;autres studios d&#039;architecture, il a form\u00e9 CH Create.<\/p><p>Au cours des 15 derni\u00e8res ann\u00e9es, M. Stojanovic a \u00e9t\u00e9 impliqu\u00e9 dans des projets allant de l&#039;architecture commerciale \u00e0 l&#039;architecture r\u00e9sidentielle haut de gamme aux \u00c9tats-Unis, en Europe et en Am\u00e9rique centrale. Derni\u00e8rement, il s&#039;est concentr\u00e9 sur le d\u00e9veloppement d&#039;une approche de conception globale pour les nouveaux d\u00e9fis environnementaux dans la conception r\u00e9sidentielle. M. Stojanovic a \u00e9t\u00e9 chercheur invit\u00e9 en d\u00e9veloppement international \u00e0 SIPA, Columbia University. Il a coordonn\u00e9 des projets multidisciplinaires pour un plan de d\u00e9veloppement urbain pour Granada, Nicaragua et a particip\u00e9 \u00e0 des forums de d\u00e9veloppement urbain pour Pahar, Kalimpong, Inde.<\/p>\t\t\t\t\t\t\t\t<\/div>\n\t\t\t\t<\/div>\n\t\t\t\t\t<\/div>\n\t\t<\/div>\n\t\t\t\t\t<\/div>\n\t\t<\/section>\n\t\t\t\t<\/div>","protected":false},"excerpt":{"rendered":"<p>Alejandro Stojanovic, Director Alejandro Stojanovic Advisory Board Member Alejandro (Alex) Stojanovic is a Swiss architect who has been living in New York since 1992. He is a principal in CH Create and the head of the Design Team based in NYC. Mr Stojanovic has over 20 years of Architecture experience and has participated in multiple [&hellip;]<\/p>\n","protected":false},"author":1,"featured_media":0,"parent":0,"menu_order":0,"comment_status":"closed","ping_status":"closed","template":"","meta":{"_acf_changed":false,"give_campaign_id":0,"site-sidebar-layout":"no-sidebar","site-content-layout":"page-builder","ast-site-content-layout":"default","site-content-style":"default","site-sidebar-style":"default","ast-global-header-display":"","ast-banner-title-visibility":"","ast-main-header-display":"","ast-hfb-above-header-display":"","ast-hfb-below-header-display":"","ast-hfb-mobile-header-display":"","site-post-title":"disabled","ast-breadcrumbs-content":"","ast-featured-img":"disabled","footer-sml-layout":"","ast-disable-related-posts":"","theme-transparent-header-meta":"default","adv-header-id-meta":"","stick-header-meta":"","header-above-stick-meta":"","header-main-stick-meta":"","header-below-stick-meta":"","astra-migrate-meta-layouts":"default","ast-page-background-enabled":"default","ast-page-background-meta":{"desktop":{"background-color":"","background-image":"","background-repeat":"repeat","background-position":"center center","background-size":"auto","background-attachment":"scroll","background-type":"","background-media":"","overlay-type":"","overlay-color":"","overlay-opacity":"","overlay-gradient":""},"tablet":{"background-color":"","background-image":"","background-repeat":"repeat","background-position":"center center","background-size":"auto","background-attachment":"scroll","background-type":"","background-media":"","overlay-type":"","overlay-color":"","overlay-opacity":"","overlay-gradient":""},"mobile":{"background-color":"","background-image":"","background-repeat":"repeat","background-position":"center center","background-size":"auto","background-attachment":"scroll","background-type":"","background-media":"","overlay-type":"","overlay-color":"","overlay-opacity":"","overlay-gradient":""}},"ast-content-background-meta":{"desktop":{"background-color":"var(--ast-global-color-5)","background-image":"","background-repeat":"repeat","background-position":"center center","background-size":"auto","background-attachment":"scroll","background-type":"","background-media":"","overlay-type":"","overlay-color":"","overlay-opacity":"","overlay-gradient":""},"tablet":{"background-color":"var(--ast-global-color-5)","background-image":"","background-repeat":"repeat","background-position":"center center","background-size":"auto","background-attachment":"scroll","background-type":"","background-media":"","overlay-type":"","overlay-color":"","overlay-opacity":"","overlay-gradient":""},"mobile":{"background-color":"var(--ast-global-color-5)","background-image":"","background-repeat":"repeat","background-position":"center center","background-size":"auto","background-attachment":"scroll","background-type":"","background-media":"","overlay-type":"","overlay-color":"","overlay-opacity":"","overlay-gradient":""}},"footnotes":""},"class_list":["post-7924","page","type-page","status-publish","hentry"],"acf":[],"yoast_head":"<!-- This site is optimized with the Yoast SEO plugin v27.4 - https:\/\/yoast.com\/product\/yoast-seo-wordpress\/ -->\n<title>Alex Stojanovic - The Charcoal Project<\/title>\n<meta name=\"description\" content=\"Alex Stojanovic has over 20 years of Architecture experience and has participated in multiple design ventures with international designers over the years.\" \/>\n<meta name=\"robots\" content=\"index, follow, max-snippet:-1, max-image-preview:large, max-video-preview:-1\" \/>\n<link rel=\"canonical\" href=\"https:\/\/www.charcoalproject.org\/fr\/alex-stojanovic\/\" \/>\n<meta property=\"og:locale\" content=\"fr_FR\" \/>\n<meta property=\"og:type\" content=\"article\" \/>\n<meta property=\"og:title\" content=\"Alex Stojanovic - The Charcoal Project\" \/>\n<meta property=\"og:description\" content=\"Alex Stojanovic has over 20 years of Architecture experience and has participated in multiple design ventures with international designers over the years.\" \/>\n<meta property=\"og:url\" content=\"https:\/\/www.charcoalproject.org\/fr\/alex-stojanovic\/\" \/>\n<meta property=\"og:site_name\" content=\"The Charcoal Project\" \/>\n<meta property=\"article:publisher\" content=\"https:\/\/www.facebook.com\/TheCharcoalProject\/\" \/>\n<meta property=\"article:modified_time\" content=\"2020-07-24T20:41:58+00:00\" \/>\n<meta property=\"og:image\" content=\"https:\/\/charcoalproject.org\/wp-content\/uploads\/2020\/07\/IMG_0753.jpeg\" \/>\n<meta name=\"twitter:card\" content=\"summary_large_image\" \/>\n<meta name=\"twitter:site\" content=\"@charcoalproject\" \/>\n<meta name=\"twitter:label1\" content=\"Dur\u00e9e de lecture estim\u00e9e\" \/>\n\t<meta name=\"twitter:data1\" content=\"1 minute\" \/>\n<script type=\"application\/ld+json\" class=\"yoast-schema-graph\">{\"@context\":\"https:\\\/\\\/schema.org\",\"@graph\":[{\"@type\":\"WebPage\",\"@id\":\"https:\\\/\\\/www.charcoalproject.org\\\/alex-stojanovic\\\/\",\"url\":\"https:\\\/\\\/www.charcoalproject.org\\\/alex-stojanovic\\\/\",\"name\":\"Alex Stojanovic - The Charcoal Project\",\"isPartOf\":{\"@id\":\"https:\\\/\\\/www.charcoalproject.org\\\/#website\"},\"primaryImageOfPage\":{\"@id\":\"https:\\\/\\\/www.charcoalproject.org\\\/alex-stojanovic\\\/#primaryimage\"},\"image\":{\"@id\":\"https:\\\/\\\/www.charcoalproject.org\\\/alex-stojanovic\\\/#primaryimage\"},\"thumbnailUrl\":\"https:\\\/\\\/charcoalproject.org\\\/wp-content\\\/uploads\\\/2020\\\/07\\\/IMG_0753.jpeg\",\"datePublished\":\"2020-07-24T18:46:56+00:00\",\"dateModified\":\"2020-07-24T20:41:58+00:00\",\"description\":\"Alex Stojanovic has over 20 years of Architecture experience and has participated in multiple design ventures with international designers over the years.\",\"breadcrumb\":{\"@id\":\"https:\\\/\\\/www.charcoalproject.org\\\/alex-stojanovic\\\/#breadcrumb\"},\"inLanguage\":\"fr-FR\",\"potentialAction\":[{\"@type\":\"ReadAction\",\"target\":[\"https:\\\/\\\/www.charcoalproject.org\\\/alex-stojanovic\\\/\"]}]},{\"@type\":\"ImageObject\",\"inLanguage\":\"fr-FR\",\"@id\":\"https:\\\/\\\/www.charcoalproject.org\\\/alex-stojanovic\\\/#primaryimage\",\"url\":\"https:\\\/\\\/charcoalproject.org\\\/wp-content\\\/uploads\\\/2020\\\/07\\\/IMG_0753.jpeg\",\"contentUrl\":\"https:\\\/\\\/charcoalproject.org\\\/wp-content\\\/uploads\\\/2020\\\/07\\\/IMG_0753.jpeg\"},{\"@type\":\"BreadcrumbList\",\"@id\":\"https:\\\/\\\/www.charcoalproject.org\\\/alex-stojanovic\\\/#breadcrumb\",\"itemListElement\":[{\"@type\":\"ListItem\",\"position\":1,\"name\":\"Home\",\"item\":\"https:\\\/\\\/www.charcoalproject.org\\\/\"},{\"@type\":\"ListItem\",\"position\":2,\"name\":\"Alex Stojanovic\"}]},{\"@type\":\"WebSite\",\"@id\":\"https:\\\/\\\/www.charcoalproject.org\\\/#website\",\"url\":\"https:\\\/\\\/www.charcoalproject.org\\\/\",\"name\":\"The Charcoal Project\",\"description\":\"To promote, facilitate, and advocate for the widespread adoption of clean burning technologies\",\"publisher\":{\"@id\":\"https:\\\/\\\/www.charcoalproject.org\\\/#organization\"},\"potentialAction\":[{\"@type\":\"SearchAction\",\"target\":{\"@type\":\"EntryPoint\",\"urlTemplate\":\"https:\\\/\\\/www.charcoalproject.org\\\/?s={search_term_string}\"},\"query-input\":{\"@type\":\"PropertyValueSpecification\",\"valueRequired\":true,\"valueName\":\"search_term_string\"}}],\"inLanguage\":\"fr-FR\"},{\"@type\":\"Organization\",\"@id\":\"https:\\\/\\\/www.charcoalproject.org\\\/#organization\",\"name\":\"The Charcoal Project\",\"url\":\"https:\\\/\\\/www.charcoalproject.org\\\/\",\"logo\":{\"@type\":\"ImageObject\",\"inLanguage\":\"fr-FR\",\"@id\":\"https:\\\/\\\/www.charcoalproject.org\\\/#\\\/schema\\\/logo\\\/image\\\/\",\"url\":\"https:\\\/\\\/www.charcoalproject.org\\\/wp-content\\\/uploads\\\/2024\\\/10\\\/char_Sq.jpg\",\"contentUrl\":\"https:\\\/\\\/www.charcoalproject.org\\\/wp-content\\\/uploads\\\/2024\\\/10\\\/char_Sq.jpg\",\"width\":700,\"height\":700,\"caption\":\"The Charcoal Project\"},\"image\":{\"@id\":\"https:\\\/\\\/www.charcoalproject.org\\\/#\\\/schema\\\/logo\\\/image\\\/\"},\"sameAs\":[\"https:\\\/\\\/www.facebook.com\\\/TheCharcoalProject\\\/\",\"https:\\\/\\\/x.com\\\/charcoalproject\"]}]}<\/script>\n<!-- \/ Yoast SEO plugin. -->","yoast_head_json":{"title":"Alex Stojanovic - Le Projet Charbon","description":"Alex Stojanovic a plus de 20 ans d&#039;exp\u00e9rience en architecture et a particip\u00e9 \u00e0 de nombreux projets de conception avec des designers internationaux au fil des ans.","robots":{"index":"index","follow":"follow","max-snippet":"max-snippet:-1","max-image-preview":"max-image-preview:large","max-video-preview":"max-video-preview:-1"},"canonical":"https:\/\/www.charcoalproject.org\/fr\/alex-stojanovic\/","og_locale":"fr_FR","og_type":"article","og_title":"Alex Stojanovic - The Charcoal Project","og_description":"Alex Stojanovic has over 20 years of Architecture experience and has participated in multiple design ventures with international designers over the years.","og_url":"https:\/\/www.charcoalproject.org\/fr\/alex-stojanovic\/","og_site_name":"The Charcoal Project","article_publisher":"https:\/\/www.facebook.com\/TheCharcoalProject\/","article_modified_time":"2020-07-24T20:41:58+00:00","og_image":[{"url":"https:\/\/charcoalproject.org\/wp-content\/uploads\/2020\/07\/IMG_0753.jpeg","type":"","width":"","height":""}],"twitter_card":"summary_large_image","twitter_site":"@charcoalproject","twitter_misc":{"Dur\u00e9e de lecture estim\u00e9e":"1 minute"},"schema":{"@context":"https:\/\/schema.org","@graph":[{"@type":"WebPage","@id":"https:\/\/www.charcoalproject.org\/alex-stojanovic\/","url":"https:\/\/www.charcoalproject.org\/alex-stojanovic\/","name":"Alex Stojanovic - Le Projet Charbon","isPartOf":{"@id":"https:\/\/www.charcoalproject.org\/#website"},"primaryImageOfPage":{"@id":"https:\/\/www.charcoalproject.org\/alex-stojanovic\/#primaryimage"},"image":{"@id":"https:\/\/www.charcoalproject.org\/alex-stojanovic\/#primaryimage"},"thumbnailUrl":"https:\/\/charcoalproject.org\/wp-content\/uploads\/2020\/07\/IMG_0753.jpeg","datePublished":"2020-07-24T18:46:56+00:00","dateModified":"2020-07-24T20:41:58+00:00","description":"Alex Stojanovic a plus de 20 ans d&#039;exp\u00e9rience en architecture et a particip\u00e9 \u00e0 de nombreux projets de conception avec des designers internationaux au fil des ans.","breadcrumb":{"@id":"https:\/\/www.charcoalproject.org\/alex-stojanovic\/#breadcrumb"},"inLanguage":"fr-FR","potentialAction":[{"@type":"ReadAction","target":["https:\/\/www.charcoalproject.org\/alex-stojanovic\/"]}]},{"@type":"ImageObject","inLanguage":"fr-FR","@id":"https:\/\/www.charcoalproject.org\/alex-stojanovic\/#primaryimage","url":"https:\/\/charcoalproject.org\/wp-content\/uploads\/2020\/07\/IMG_0753.jpeg","contentUrl":"https:\/\/charcoalproject.org\/wp-content\/uploads\/2020\/07\/IMG_0753.jpeg"},{"@type":"BreadcrumbList","@id":"https:\/\/www.charcoalproject.org\/alex-stojanovic\/#breadcrumb","itemListElement":[{"@type":"ListItem","position":1,"name":"Home","item":"https:\/\/www.charcoalproject.org\/"},{"@type":"ListItem","position":2,"name":"Alex Stojanovic"}]},{"@type":"WebSite","@id":"https:\/\/www.charcoalproject.org\/#website","url":"https:\/\/www.charcoalproject.org\/","name":"Le projet de charbon de bois","description":"Promouvoir, faciliter et plaider en faveur de l\u2019adoption g\u00e9n\u00e9ralis\u00e9e de technologies de combustion propre","publisher":{"@id":"https:\/\/www.charcoalproject.org\/#organization"},"potentialAction":[{"@type":"SearchAction","target":{"@type":"EntryPoint","urlTemplate":"https:\/\/www.charcoalproject.org\/?s={search_term_string}"},"query-input":{"@type":"PropertyValueSpecification","valueRequired":true,"valueName":"search_term_string"}}],"inLanguage":"fr-FR"},{"@type":"Organization","@id":"https:\/\/www.charcoalproject.org\/#organization","name":"Le projet de charbon de bois","url":"https:\/\/www.charcoalproject.org\/","logo":{"@type":"ImageObject","inLanguage":"fr-FR","@id":"https:\/\/www.charcoalproject.org\/#\/schema\/logo\/image\/","url":"https:\/\/www.charcoalproject.org\/wp-content\/uploads\/2024\/10\/char_Sq.jpg","contentUrl":"https:\/\/www.charcoalproject.org\/wp-content\/uploads\/2024\/10\/char_Sq.jpg","width":700,"height":700,"caption":"The Charcoal Project"},"image":{"@id":"https:\/\/www.charcoalproject.org\/#\/schema\/logo\/image\/"},"sameAs":["https:\/\/www.facebook.com\/TheCharcoalProject\/","https:\/\/x.com\/charcoalproject"]}]}},"campaignId":"","_links":{"self":[{"href":"https:\/\/www.charcoalproject.org\/fr\/wp-json\/wp\/v2\/pages\/7924","targetHints":{"allow":["GET"]}}],"collection":[{"href":"https:\/\/www.charcoalproject.org\/fr\/wp-json\/wp\/v2\/pages"}],"about":[{"href":"https:\/\/www.charcoalproject.org\/fr\/wp-json\/wp\/v2\/types\/page"}],"author":[{"embeddable":true,"href":"https:\/\/www.charcoalproject.org\/fr\/wp-json\/wp\/v2\/users\/1"}],"replies":[{"embeddable":true,"href":"https:\/\/www.charcoalproject.org\/fr\/wp-json\/wp\/v2\/comments?post=7924"}],"version-history":[{"count":0,"href":"https:\/\/www.charcoalproject.org\/fr\/wp-json\/wp\/v2\/pages\/7924\/revisions"}],"wp:attachment":[{"href":"https:\/\/www.charcoalproject.org\/fr\/wp-json\/wp\/v2\/media?parent=7924"}],"curies":[{"name":"wp","href":"https:\/\/api.w.org\/{rel}","templated":true}]}}