{"id":1722,"date":"2020-06-30T09:04:27","date_gmt":"2020-06-30T09:04:27","guid":{"rendered":"https:\/\/charcoalproject.org\/?page_id=1722"},"modified":"2020-07-23T18:32:22","modified_gmt":"2020-07-23T18:32:22","slug":"priyadarshini-karve","status":"publish","type":"page","link":"https:\/\/www.charcoalproject.org\/fr\/priyadarshini-karve\/","title":{"rendered":"Priyadarshini Karve, Ph.D."},"content":{"rendered":"<div data-elementor-type=\"wp-page\" data-elementor-id=\"1722\" class=\"elementor elementor-1722\" data-elementor-post-type=\"page\">\n\t\t\t\t\t\t<section class=\"elementor-section elementor-top-section elementor-element elementor-element-f09a887 elementor-section-stretched elementor-section-height-min-height elementor-section-boxed elementor-section-height-default elementor-section-items-middle\" data-id=\"f09a887\" data-element_type=\"section\" data-e-type=\"section\" data-settings=\"{&quot;stretch_section&quot;:&quot;section-stretched&quot;,&quot;background_background&quot;:&quot;classic&quot;}\">\n\t\t\t\t\t\t\t<div class=\"elementor-background-overlay\"><\/div>\n\t\t\t\t\t\t\t<div class=\"elementor-container elementor-column-gap-no\">\n\t\t\t\t\t<div class=\"elementor-column elementor-col-100 elementor-top-column elementor-element elementor-element-1ad61f7c\" data-id=\"1ad61f7c\" data-element_type=\"column\" data-e-type=\"column\">\n\t\t\t<div class=\"elementor-widget-wrap elementor-element-populated\">\n\t\t\t\t\t\t<div class=\"elementor-element elementor-element-61a039bf elementor-widget elementor-widget-heading\" data-id=\"61a039bf\" data-element_type=\"widget\" data-e-type=\"widget\" data-widget_type=\"heading.default\">\n\t\t\t\t<div class=\"elementor-widget-container\">\n\t\t\t\t\t<h2 class=\"elementor-heading-title elementor-size-large\">Priyadarshini Karve, Ph.D.<\/h2>\t\t\t\t<\/div>\n\t\t\t\t<\/div>\n\t\t\t\t\t<\/div>\n\t\t<\/div>\n\t\t\t\t\t<\/div>\n\t\t<\/section>\n\t\t\t\t<section class=\"elementor-section elementor-top-section elementor-element elementor-element-20f85879 elementor-section-boxed elementor-section-height-default elementor-section-height-default\" data-id=\"20f85879\" data-element_type=\"section\" data-e-type=\"section\">\n\t\t\t\t\t\t<div class=\"elementor-container elementor-column-gap-default\">\n\t\t\t\t\t<div class=\"elementor-column elementor-col-50 elementor-top-column elementor-element elementor-element-527e2f24\" data-id=\"527e2f24\" data-element_type=\"column\" data-e-type=\"column\">\n\t\t\t<div class=\"elementor-widget-wrap elementor-element-populated\">\n\t\t\t\t\t\t<div class=\"elementor-element elementor-element-23293628 elementor-widget elementor-widget-image\" data-id=\"23293628\" data-element_type=\"widget\" data-e-type=\"widget\" data-widget_type=\"image.default\">\n\t\t\t\t<div class=\"elementor-widget-container\">\n\t\t\t\t\t\t\t\t\t\t\t\t\t\t\t<img fetchpriority=\"high\" decoding=\"async\" width=\"350\" height=\"440\" src=\"https:\/\/www.charcoalproject.org\/wp-content\/uploads\/2020\/07\/Priyadarshini-Karve.jpg\" class=\"attachment-full size-full wp-image-2070\" alt=\"Priyadarshini Karve\" srcset=\"https:\/\/www.charcoalproject.org\/wp-content\/uploads\/2020\/07\/Priyadarshini-Karve.jpg 350w, https:\/\/www.charcoalproject.org\/wp-content\/uploads\/2020\/07\/Priyadarshini-Karve-239x300.jpg 239w\" sizes=\"(max-width: 350px) 100vw, 350px\" \/>\t\t\t\t\t\t\t\t\t\t\t\t\t\t\t<\/div>\n\t\t\t\t<\/div>\n\t\t\t\t<div class=\"elementor-element elementor-element-2d4061a4 elementor-widget elementor-widget-heading\" data-id=\"2d4061a4\" data-element_type=\"widget\" data-e-type=\"widget\" data-widget_type=\"heading.default\">\n\t\t\t\t<div class=\"elementor-widget-container\">\n\t\t\t\t\t<h4 class=\"elementor-heading-title elementor-size-default\"><a href=\"#\">Priyadarshini Karve, Ph.D.<\/a><\/h4>\t\t\t\t<\/div>\n\t\t\t\t<\/div>\n\t\t\t\t<div class=\"elementor-element elementor-element-54d3288d elementor-widget elementor-widget-text-editor\" data-id=\"54d3288d\" data-element_type=\"widget\" data-e-type=\"widget\" data-widget_type=\"text-editor.default\">\n\t\t\t\t<div class=\"elementor-widget-container\">\n\t\t\t\t\t\t\t\t\tMembre du conseil consultatif\t\t\t\t\t\t\t\t<\/div>\n\t\t\t\t<\/div>\n\t\t\t\t\t<\/div>\n\t\t<\/div>\n\t\t\t\t<div class=\"elementor-column elementor-col-50 elementor-top-column elementor-element elementor-element-2fa0c1fd\" data-id=\"2fa0c1fd\" data-element_type=\"column\" data-e-type=\"column\">\n\t\t\t<div class=\"elementor-widget-wrap elementor-element-populated\">\n\t\t\t\t\t\t<div class=\"elementor-element elementor-element-49f82685 elementor-widget elementor-widget-text-editor\" data-id=\"49f82685\" data-element_type=\"widget\" data-e-type=\"widget\" data-widget_type=\"text-editor.default\">\n\t\t\t\t<div class=\"elementor-widget-container\">\n\t\t\t\t\t\t\t\t\t<p><span style=\"font-weight: 400;\">Le Dr Priyadarshini Karve a termin\u00e9 son doctorat. en physique de l&#039;Universit\u00e9 de Pune, en 1998. Son premier projet de recherche a abouti au d\u00e9veloppement d&#039;un proc\u00e9d\u00e9 de conversion des d\u00e9chets agricoles en charbon de bois. La technologie a remport\u00e9 le prix Ashden pour les \u00e9nergies renouvelables en 2002.<\/span><\/p><p><span style=\"font-weight: 400;\">Au cours d&#039;une carri\u00e8re de plus de 20 ans, le Dr Karve a invent\u00e9 un certain nombre d&#039;appareils de cuisson \u00e0 la biomasse am\u00e9lior\u00e9s, pour r\u00e9duire la fum\u00e9e dans la cuisine et la d\u00e9pendance au bois de chauffage pour la cuisine domestique dans les zones rurales. Elle a \u00e9galement travaill\u00e9 sur les technologies de \u00ab transformation des d\u00e9chets organiques en carburant \u00bb, en se concentrant sp\u00e9cifiquement sur le charbon et le biogaz. Elle a conceptualis\u00e9 et dirig\u00e9 le d\u00e9veloppement de l&#039;outil d&#039;aide \u00e0 la d\u00e9cision en mati\u00e8re d&#039;\u00e9nergie de cuisson AIREC, qui est la premi\u00e8re m\u00e9thodologie neutre sur le plan technologique au monde qui d\u00e9place l&#039;accent de la performance en laboratoire de technologies sp\u00e9cifiques vers la prestation de services d&#039;\u00e9nergie de cuisson dans la cuisine de l&#039;utilisateur, en R&amp;D et en promotion de l&#039;\u00e9nergie de cuisson propre. les technologies. Depuis 2015, elle pr\u00e9conise fortement la n\u00e9gativit\u00e9 carbone gr\u00e2ce \u00e0 la conversion de la biomasse des d\u00e9chets en omble et en utilisant l&#039;omble pour une vari\u00e9t\u00e9 d&#039;applications combustibles et non combustibles.<\/span><\/p><p><span style=\"font-weight: 400;\">En 2005, elle a lanc\u00e9 Samuchit Enviro Tech, une entreprise sociale qui fait la promotion de produits \u00e9nerg\u00e9tiques et de style de vie respectueux de l&#039;environnement. Dr Karve, qui est le directeur g\u00e9n\u00e9ral de <a href=\"https:\/\/www.samuchit.com\/\">Samuchit<\/a>, a \u00e9galement invent\u00e9 un calculateur d&#039;empreinte carbone Samuchit facile \u00e0 utiliser pour les Indiens urbains et organise des ateliers sur le mode de vie respectueux du climat, l&#039;urbanisation durable, etc.<\/span><\/p><p><span style=\"font-weight: 400;\">Le Dr Karve est activement impliqu\u00e9e dans des organisations nationales et internationales travaillant dans le domaine des \u00e9nergies renouvelables, du d\u00e9veloppement durable \u00e9quitable, de la r\u00e9silience climatique, etc. Actuellement, elle est membre du conseil d&#039;administration d&#039;Initiatives pour de nouvelles pr\u00e9occupations communautaires \u00e9cologiques (INECC), soci\u00e9t\u00e9 enregistr\u00e9e en Inde. Elle enseigne \u00e9galement des cours sur le d\u00e9veloppement durable, l&#039;histoire de l&#039;univers, etc., \u00e0 <a href=\"https:\/\/www.google.com\/url?sa=t&amp;rct=j&amp;q=&amp;esrc=s&amp;source=web&amp;cd=&amp;cad=rja&amp;uact=8&amp;ved=2ahUKEwi0gOWTgOTqAhViknIEHaOhDZEQFjAAegQIARAD&amp;url=https%3A%2F%2Fwww.siu.edu.in%2F&amp;usg=AOvVaw2nOBXxvnapnqmli2OtHx0c\">Universit\u00e9 internationale de symbiose<\/a>.<\/span><\/p>\t\t\t\t\t\t\t\t<\/div>\n\t\t\t\t<\/div>\n\t\t\t\t\t<\/div>\n\t\t<\/div>\n\t\t\t\t\t<\/div>\n\t\t<\/section>\n\t\t\t\t<\/div>","protected":false},"excerpt":{"rendered":"<p>Priyadarshini Karve, Ph.D Priyadarshini Karve, Ph.D Advisory Board Member Dr. Priyadarshini Karve completed Ph.D. in Physics from University of Pune, in 1998. Her first research project resulted in development of a process for converting agricultural waste into charcoal. The technology won the Ashden Award for Renewable Energy in 2002. In a career spanning more than [&hellip;]<\/p>\n","protected":false},"author":1,"featured_media":0,"parent":0,"menu_order":0,"comment_status":"closed","ping_status":"closed","template":"","meta":{"_acf_changed":false,"give_campaign_id":0,"site-sidebar-layout":"no-sidebar","site-content-layout":"page-builder","ast-site-content-layout":"default","site-content-style":"default","site-sidebar-style":"default","ast-global-header-display":"","ast-banner-title-visibility":"","ast-main-header-display":"","ast-hfb-above-header-display":"","ast-hfb-below-header-display":"","ast-hfb-mobile-header-display":"","site-post-title":"disabled","ast-breadcrumbs-content":"","ast-featured-img":"disabled","footer-sml-layout":"","ast-disable-related-posts":"","theme-transparent-header-meta":"default","adv-header-id-meta":"","stick-header-meta":"","header-above-stick-meta":"","header-main-stick-meta":"","header-below-stick-meta":"","astra-migrate-meta-layouts":"default","ast-page-background-enabled":"default","ast-page-background-meta":{"desktop":{"background-color":"","background-image":"","background-repeat":"repeat","background-position":"center center","background-size":"auto","background-attachment":"scroll","background-type":"","background-media":"","overlay-type":"","overlay-color":"","overlay-opacity":"","overlay-gradient":""},"tablet":{"background-color":"","background-image":"","background-repeat":"repeat","background-position":"center center","background-size":"auto","background-attachment":"scroll","background-type":"","background-media":"","overlay-type":"","overlay-color":"","overlay-opacity":"","overlay-gradient":""},"mobile":{"background-color":"","background-image":"","background-repeat":"repeat","background-position":"center center","background-size":"auto","background-attachment":"scroll","background-type":"","background-media":"","overlay-type":"","overlay-color":"","overlay-opacity":"","overlay-gradient":""}},"ast-content-background-meta":{"desktop":{"background-color":"var(--ast-global-color-5)","background-image":"","background-repeat":"repeat","background-position":"center center","background-size":"auto","background-attachment":"scroll","background-type":"","background-media":"","overlay-type":"","overlay-color":"","overlay-opacity":"","overlay-gradient":""},"tablet":{"background-color":"var(--ast-global-color-5)","background-image":"","background-repeat":"repeat","background-position":"center center","background-size":"auto","background-attachment":"scroll","background-type":"","background-media":"","overlay-type":"","overlay-color":"","overlay-opacity":"","overlay-gradient":""},"mobile":{"background-color":"var(--ast-global-color-5)","background-image":"","background-repeat":"repeat","background-position":"center center","background-size":"auto","background-attachment":"scroll","background-type":"","background-media":"","overlay-type":"","overlay-color":"","overlay-opacity":"","overlay-gradient":""}},"footnotes":""},"class_list":["post-1722","page","type-page","status-publish","hentry"],"acf":[],"yoast_head":"<!-- This site is optimized with the Yoast SEO plugin v27.4 - https:\/\/yoast.com\/product\/yoast-seo-wordpress\/ -->\n<title>Priyadarshini Karve, Ph.D - The Charcoal Project<\/title>\n<meta name=\"description\" content=\"Dr. Karve is involved in national and international organizations working in the field of renewable energy, sustainable development, and climate resilience.\" \/>\n<meta name=\"robots\" content=\"index, follow, max-snippet:-1, max-image-preview:large, max-video-preview:-1\" \/>\n<link rel=\"canonical\" href=\"https:\/\/www.charcoalproject.org\/fr\/priyadarshini-karve\/\" \/>\n<meta property=\"og:locale\" content=\"fr_FR\" \/>\n<meta property=\"og:type\" content=\"article\" \/>\n<meta property=\"og:title\" content=\"Priyadarshini Karve, Ph.D - The Charcoal Project\" \/>\n<meta property=\"og:description\" content=\"Dr. Karve is involved in national and international organizations working in the field of renewable energy, sustainable development, and climate resilience.\" \/>\n<meta property=\"og:url\" content=\"https:\/\/www.charcoalproject.org\/fr\/priyadarshini-karve\/\" \/>\n<meta property=\"og:site_name\" content=\"The Charcoal Project\" \/>\n<meta property=\"article:publisher\" content=\"https:\/\/www.facebook.com\/TheCharcoalProject\/\" \/>\n<meta property=\"article:modified_time\" content=\"2020-07-23T18:32:22+00:00\" \/>\n<meta property=\"og:image\" content=\"https:\/\/charcoalproject.org\/wp-content\/uploads\/2020\/07\/Priyadarshini-Karve.jpg\" \/>\n<meta name=\"twitter:card\" content=\"summary_large_image\" \/>\n<meta name=\"twitter:site\" content=\"@charcoalproject\" \/>\n<meta name=\"twitter:label1\" content=\"Dur\u00e9e de lecture estim\u00e9e\" \/>\n\t<meta name=\"twitter:data1\" content=\"1 minute\" \/>\n<script type=\"application\/ld+json\" class=\"yoast-schema-graph\">{\"@context\":\"https:\\\/\\\/schema.org\",\"@graph\":[{\"@type\":\"WebPage\",\"@id\":\"https:\\\/\\\/www.charcoalproject.org\\\/priyadarshini-karve\\\/\",\"url\":\"https:\\\/\\\/www.charcoalproject.org\\\/priyadarshini-karve\\\/\",\"name\":\"Priyadarshini Karve, Ph.D - The Charcoal Project\",\"isPartOf\":{\"@id\":\"https:\\\/\\\/www.charcoalproject.org\\\/#website\"},\"primaryImageOfPage\":{\"@id\":\"https:\\\/\\\/www.charcoalproject.org\\\/priyadarshini-karve\\\/#primaryimage\"},\"image\":{\"@id\":\"https:\\\/\\\/www.charcoalproject.org\\\/priyadarshini-karve\\\/#primaryimage\"},\"thumbnailUrl\":\"https:\\\/\\\/charcoalproject.org\\\/wp-content\\\/uploads\\\/2020\\\/07\\\/Priyadarshini-Karve.jpg\",\"datePublished\":\"2020-06-30T09:04:27+00:00\",\"dateModified\":\"2020-07-23T18:32:22+00:00\",\"description\":\"Dr. Karve is involved in national and international organizations working in the field of renewable energy, sustainable development, and climate resilience.\",\"breadcrumb\":{\"@id\":\"https:\\\/\\\/www.charcoalproject.org\\\/priyadarshini-karve\\\/#breadcrumb\"},\"inLanguage\":\"fr-FR\",\"potentialAction\":[{\"@type\":\"ReadAction\",\"target\":[\"https:\\\/\\\/www.charcoalproject.org\\\/priyadarshini-karve\\\/\"]}]},{\"@type\":\"ImageObject\",\"inLanguage\":\"fr-FR\",\"@id\":\"https:\\\/\\\/www.charcoalproject.org\\\/priyadarshini-karve\\\/#primaryimage\",\"url\":\"https:\\\/\\\/charcoalproject.org\\\/wp-content\\\/uploads\\\/2020\\\/07\\\/Priyadarshini-Karve.jpg\",\"contentUrl\":\"https:\\\/\\\/charcoalproject.org\\\/wp-content\\\/uploads\\\/2020\\\/07\\\/Priyadarshini-Karve.jpg\"},{\"@type\":\"BreadcrumbList\",\"@id\":\"https:\\\/\\\/www.charcoalproject.org\\\/priyadarshini-karve\\\/#breadcrumb\",\"itemListElement\":[{\"@type\":\"ListItem\",\"position\":1,\"name\":\"Home\",\"item\":\"https:\\\/\\\/www.charcoalproject.org\\\/\"},{\"@type\":\"ListItem\",\"position\":2,\"name\":\"Priyadarshini Karve, Ph.D\"}]},{\"@type\":\"WebSite\",\"@id\":\"https:\\\/\\\/www.charcoalproject.org\\\/#website\",\"url\":\"https:\\\/\\\/www.charcoalproject.org\\\/\",\"name\":\"The Charcoal Project\",\"description\":\"To promote, facilitate, and advocate for the widespread adoption of clean burning technologies\",\"publisher\":{\"@id\":\"https:\\\/\\\/www.charcoalproject.org\\\/#organization\"},\"potentialAction\":[{\"@type\":\"SearchAction\",\"target\":{\"@type\":\"EntryPoint\",\"urlTemplate\":\"https:\\\/\\\/www.charcoalproject.org\\\/?s={search_term_string}\"},\"query-input\":{\"@type\":\"PropertyValueSpecification\",\"valueRequired\":true,\"valueName\":\"search_term_string\"}}],\"inLanguage\":\"fr-FR\"},{\"@type\":\"Organization\",\"@id\":\"https:\\\/\\\/www.charcoalproject.org\\\/#organization\",\"name\":\"The Charcoal Project\",\"url\":\"https:\\\/\\\/www.charcoalproject.org\\\/\",\"logo\":{\"@type\":\"ImageObject\",\"inLanguage\":\"fr-FR\",\"@id\":\"https:\\\/\\\/www.charcoalproject.org\\\/#\\\/schema\\\/logo\\\/image\\\/\",\"url\":\"https:\\\/\\\/www.charcoalproject.org\\\/wp-content\\\/uploads\\\/2024\\\/10\\\/char_Sq.jpg\",\"contentUrl\":\"https:\\\/\\\/www.charcoalproject.org\\\/wp-content\\\/uploads\\\/2024\\\/10\\\/char_Sq.jpg\",\"width\":700,\"height\":700,\"caption\":\"The Charcoal Project\"},\"image\":{\"@id\":\"https:\\\/\\\/www.charcoalproject.org\\\/#\\\/schema\\\/logo\\\/image\\\/\"},\"sameAs\":[\"https:\\\/\\\/www.facebook.com\\\/TheCharcoalProject\\\/\",\"https:\\\/\\\/x.com\\\/charcoalproject\"]}]}<\/script>\n<!-- \/ Yoast SEO plugin. -->","yoast_head_json":{"title":"Priyadarshini Karve, Ph.D - Le projet Charcoal","description":"Le Dr Karve est impliqu\u00e9 dans des organisations nationales et internationales travaillant dans le domaine des \u00e9nergies renouvelables, du d\u00e9veloppement durable et de la r\u00e9silience climatique.","robots":{"index":"index","follow":"follow","max-snippet":"max-snippet:-1","max-image-preview":"max-image-preview:large","max-video-preview":"max-video-preview:-1"},"canonical":"https:\/\/www.charcoalproject.org\/fr\/priyadarshini-karve\/","og_locale":"fr_FR","og_type":"article","og_title":"Priyadarshini Karve, Ph.D - The Charcoal Project","og_description":"Dr. Karve is involved in national and international organizations working in the field of renewable energy, sustainable development, and climate resilience.","og_url":"https:\/\/www.charcoalproject.org\/fr\/priyadarshini-karve\/","og_site_name":"The Charcoal Project","article_publisher":"https:\/\/www.facebook.com\/TheCharcoalProject\/","article_modified_time":"2020-07-23T18:32:22+00:00","og_image":[{"url":"https:\/\/charcoalproject.org\/wp-content\/uploads\/2020\/07\/Priyadarshini-Karve.jpg","type":"","width":"","height":""}],"twitter_card":"summary_large_image","twitter_site":"@charcoalproject","twitter_misc":{"Dur\u00e9e de lecture estim\u00e9e":"1 minute"},"schema":{"@context":"https:\/\/schema.org","@graph":[{"@type":"WebPage","@id":"https:\/\/www.charcoalproject.org\/priyadarshini-karve\/","url":"https:\/\/www.charcoalproject.org\/priyadarshini-karve\/","name":"Priyadarshini Karve, Ph.D - Le projet Charcoal","isPartOf":{"@id":"https:\/\/www.charcoalproject.org\/#website"},"primaryImageOfPage":{"@id":"https:\/\/www.charcoalproject.org\/priyadarshini-karve\/#primaryimage"},"image":{"@id":"https:\/\/www.charcoalproject.org\/priyadarshini-karve\/#primaryimage"},"thumbnailUrl":"https:\/\/charcoalproject.org\/wp-content\/uploads\/2020\/07\/Priyadarshini-Karve.jpg","datePublished":"2020-06-30T09:04:27+00:00","dateModified":"2020-07-23T18:32:22+00:00","description":"Le Dr Karve est impliqu\u00e9 dans des organisations nationales et internationales travaillant dans le domaine des \u00e9nergies renouvelables, du d\u00e9veloppement durable et de la r\u00e9silience climatique.","breadcrumb":{"@id":"https:\/\/www.charcoalproject.org\/priyadarshini-karve\/#breadcrumb"},"inLanguage":"fr-FR","potentialAction":[{"@type":"ReadAction","target":["https:\/\/www.charcoalproject.org\/priyadarshini-karve\/"]}]},{"@type":"ImageObject","inLanguage":"fr-FR","@id":"https:\/\/www.charcoalproject.org\/priyadarshini-karve\/#primaryimage","url":"https:\/\/charcoalproject.org\/wp-content\/uploads\/2020\/07\/Priyadarshini-Karve.jpg","contentUrl":"https:\/\/charcoalproject.org\/wp-content\/uploads\/2020\/07\/Priyadarshini-Karve.jpg"},{"@type":"BreadcrumbList","@id":"https:\/\/www.charcoalproject.org\/priyadarshini-karve\/#breadcrumb","itemListElement":[{"@type":"ListItem","position":1,"name":"Home","item":"https:\/\/www.charcoalproject.org\/"},{"@type":"ListItem","position":2,"name":"Priyadarshini Karve, Ph.D"}]},{"@type":"WebSite","@id":"https:\/\/www.charcoalproject.org\/#website","url":"https:\/\/www.charcoalproject.org\/","name":"Le projet de charbon de bois","description":"Promouvoir, faciliter et plaider en faveur de l\u2019adoption g\u00e9n\u00e9ralis\u00e9e de technologies de combustion propre","publisher":{"@id":"https:\/\/www.charcoalproject.org\/#organization"},"potentialAction":[{"@type":"SearchAction","target":{"@type":"EntryPoint","urlTemplate":"https:\/\/www.charcoalproject.org\/?s={search_term_string}"},"query-input":{"@type":"PropertyValueSpecification","valueRequired":true,"valueName":"search_term_string"}}],"inLanguage":"fr-FR"},{"@type":"Organization","@id":"https:\/\/www.charcoalproject.org\/#organization","name":"Le projet de charbon de bois","url":"https:\/\/www.charcoalproject.org\/","logo":{"@type":"ImageObject","inLanguage":"fr-FR","@id":"https:\/\/www.charcoalproject.org\/#\/schema\/logo\/image\/","url":"https:\/\/www.charcoalproject.org\/wp-content\/uploads\/2024\/10\/char_Sq.jpg","contentUrl":"https:\/\/www.charcoalproject.org\/wp-content\/uploads\/2024\/10\/char_Sq.jpg","width":700,"height":700,"caption":"The Charcoal Project"},"image":{"@id":"https:\/\/www.charcoalproject.org\/#\/schema\/logo\/image\/"},"sameAs":["https:\/\/www.facebook.com\/TheCharcoalProject\/","https:\/\/x.com\/charcoalproject"]}]}},"campaignId":"","_links":{"self":[{"href":"https:\/\/www.charcoalproject.org\/fr\/wp-json\/wp\/v2\/pages\/1722","targetHints":{"allow":["GET"]}}],"collection":[{"href":"https:\/\/www.charcoalproject.org\/fr\/wp-json\/wp\/v2\/pages"}],"about":[{"href":"https:\/\/www.charcoalproject.org\/fr\/wp-json\/wp\/v2\/types\/page"}],"author":[{"embeddable":true,"href":"https:\/\/www.charcoalproject.org\/fr\/wp-json\/wp\/v2\/users\/1"}],"replies":[{"embeddable":true,"href":"https:\/\/www.charcoalproject.org\/fr\/wp-json\/wp\/v2\/comments?post=1722"}],"version-history":[{"count":0,"href":"https:\/\/www.charcoalproject.org\/fr\/wp-json\/wp\/v2\/pages\/1722\/revisions"}],"wp:attachment":[{"href":"https:\/\/www.charcoalproject.org\/fr\/wp-json\/wp\/v2\/media?parent=1722"}],"curies":[{"name":"wp","href":"https:\/\/api.w.org\/{rel}","templated":true}]}}