{"id":1720,"date":"2020-06-30T08:47:57","date_gmt":"2020-06-30T08:47:57","guid":{"rendered":"https:\/\/charcoalproject.org\/?page_id=1720"},"modified":"2025-06-11T11:21:33","modified_gmt":"2025-06-11T15:21:33","slug":"tuyeni-mwampamba","status":"publish","type":"page","link":"https:\/\/www.charcoalproject.org\/fr\/tuyeni-mwampamba\/","title":{"rendered":"Dr Tuyeni H. Mwampamba"},"content":{"rendered":"<div data-elementor-type=\"wp-page\" data-elementor-id=\"1720\" class=\"elementor elementor-1720\" data-elementor-post-type=\"page\">\n\t\t\t\t\t\t<section class=\"elementor-section elementor-top-section elementor-element elementor-element-53e2668 elementor-section-stretched elementor-section-height-min-height elementor-section-boxed elementor-section-height-default elementor-section-items-middle\" data-id=\"53e2668\" data-element_type=\"section\" data-e-type=\"section\" data-settings=\"{&quot;stretch_section&quot;:&quot;section-stretched&quot;,&quot;background_background&quot;:&quot;classic&quot;}\">\n\t\t\t\t\t\t\t<div class=\"elementor-background-overlay\"><\/div>\n\t\t\t\t\t\t\t<div class=\"elementor-container elementor-column-gap-no\">\n\t\t\t\t\t<div class=\"elementor-column elementor-col-100 elementor-top-column elementor-element elementor-element-6e736cea\" data-id=\"6e736cea\" data-element_type=\"column\" data-e-type=\"column\">\n\t\t\t<div class=\"elementor-widget-wrap elementor-element-populated\">\n\t\t\t\t\t\t<div class=\"elementor-element elementor-element-38cc9e8 elementor-widget elementor-widget-heading\" data-id=\"38cc9e8\" data-element_type=\"widget\" data-e-type=\"widget\" data-widget_type=\"heading.default\">\n\t\t\t\t<div class=\"elementor-widget-container\">\n\t\t\t\t\t<h2 class=\"elementor-heading-title elementor-size-large\">Dr Tuyeni H. Mwampamba, directeur<\/h2>\t\t\t\t<\/div>\n\t\t\t\t<\/div>\n\t\t\t\t\t<\/div>\n\t\t<\/div>\n\t\t\t\t\t<\/div>\n\t\t<\/section>\n\t\t\t\t<section class=\"elementor-section elementor-top-section elementor-element elementor-element-3fcdc857 elementor-section-boxed elementor-section-height-default elementor-section-height-default\" data-id=\"3fcdc857\" data-element_type=\"section\" data-e-type=\"section\">\n\t\t\t\t\t\t<div class=\"elementor-container elementor-column-gap-default\">\n\t\t\t\t\t<div class=\"elementor-column elementor-col-50 elementor-top-column elementor-element elementor-element-681fe4b5\" data-id=\"681fe4b5\" data-element_type=\"column\" data-e-type=\"column\">\n\t\t\t<div class=\"elementor-widget-wrap elementor-element-populated\">\n\t\t\t\t\t\t<div class=\"elementor-element elementor-element-4f42e92b elementor-widget elementor-widget-image\" data-id=\"4f42e92b\" data-element_type=\"widget\" data-e-type=\"widget\" data-widget_type=\"image.default\">\n\t\t\t\t<div class=\"elementor-widget-container\">\n\t\t\t\t\t\t\t\t\t\t\t\t\t\t\t<img fetchpriority=\"high\" decoding=\"async\" width=\"300\" height=\"250\" src=\"https:\/\/www.charcoalproject.org\/wp-content\/uploads\/2020\/07\/Tuyeni-cropped-300x250.jpg\" class=\"attachment-medium size-medium wp-image-8002\" alt=\"Tuyeni\" srcset=\"https:\/\/www.charcoalproject.org\/wp-content\/uploads\/2020\/07\/Tuyeni-cropped-300x250.jpg 300w, https:\/\/www.charcoalproject.org\/wp-content\/uploads\/2020\/07\/Tuyeni-cropped-1024x855.jpg 1024w, https:\/\/www.charcoalproject.org\/wp-content\/uploads\/2020\/07\/Tuyeni-cropped-768x641.jpg 768w, https:\/\/www.charcoalproject.org\/wp-content\/uploads\/2020\/07\/Tuyeni-cropped-1536x1282.jpg 1536w, https:\/\/www.charcoalproject.org\/wp-content\/uploads\/2020\/07\/Tuyeni-cropped.jpg 1985w\" sizes=\"(max-width: 300px) 100vw, 300px\" \/>\t\t\t\t\t\t\t\t\t\t\t\t\t\t\t<\/div>\n\t\t\t\t<\/div>\n\t\t\t\t<div class=\"elementor-element elementor-element-4d442437 elementor-widget elementor-widget-heading\" data-id=\"4d442437\" data-element_type=\"widget\" data-e-type=\"widget\" data-widget_type=\"heading.default\">\n\t\t\t\t<div class=\"elementor-widget-container\">\n\t\t\t\t\t<h4 class=\"elementor-heading-title elementor-size-default\"><a href=\"#\">Dr Tuyeni H. Mwampamba<\/a><\/h4>\t\t\t\t<\/div>\n\t\t\t\t<\/div>\n\t\t\t\t<div class=\"elementor-element elementor-element-403ae093 elementor-widget elementor-widget-text-editor\" data-id=\"403ae093\" data-element_type=\"widget\" data-e-type=\"widget\" data-widget_type=\"text-editor.default\">\n\t\t\t\t<div class=\"elementor-widget-container\">\n\t\t\t\t\t\t\t\t\t Directeur\t\t\t\t\t\t\t\t<\/div>\n\t\t\t\t<\/div>\n\t\t\t\t\t<\/div>\n\t\t<\/div>\n\t\t\t\t<div class=\"elementor-column elementor-col-50 elementor-top-column elementor-element elementor-element-7ebe4052\" data-id=\"7ebe4052\" data-element_type=\"column\" data-e-type=\"column\">\n\t\t\t<div class=\"elementor-widget-wrap elementor-element-populated\">\n\t\t\t\t\t\t<div class=\"elementor-element elementor-element-33d29d1b elementor-widget elementor-widget-text-editor\" data-id=\"33d29d1b\" data-element_type=\"widget\" data-e-type=\"widget\" data-widget_type=\"text-editor.default\">\n\t\t\t\t<div class=\"elementor-widget-container\">\n\t\t\t\t\t\t\t\t\t<p><span style=\"font-weight: 400;\">Dr Tuyeni H. Mwampamba \u2013 <span lang=\"EN-US\">Originaire de Tanzanie et\u00a0<\/span>Form\u00e9 en tant qu&#039;\u00e9cologiste \u00e0 l&#039;Universit\u00e9 de Californie \u00e0 Davis, le Dr Mwampamba a \u00e9t\u00e9 directeur scientifique pour l&#039;Afrique \u00e0 <a href=\"https:\/\/www.nature.org\/en-us\/\">La conservation de la nature<\/a> depuis avril 2024. Auparavant, elle \u00e9tait professeure-chercheuse \u00e0 l&#039;Institut de recherche sur les \u00e9cosyst\u00e8mes et la durabilit\u00e9 \u2013 <a href=\"https:\/\/www.iies.unam.mx\">IIES UNAM<\/a> \u00e0 Morelia, au Mexique. Depuis 2002, elle s&#039;int\u00e9resse aux dimensions sociales et \u00e9cologiques de la production de charbon de bois dans le but de comprendre comment la durabilit\u00e9 est conceptualis\u00e9e et op\u00e9rationnalis\u00e9e par les acteurs de la cha\u00eene de valeur. Tuyeni est r\u00e9solument pro-charbon de bois, estimant que - puisque le charbon de bois est l\u00e0 pour rester dans un avenir pr\u00e9visible dans les pays du Sud - les efforts devraient se concentrer sur la fa\u00e7on d&#039;en faire un combustible ligneux juste et durable. Elle travaille avec des producteurs, des gouvernements et des ONG au Mexique et en Tanzanie pour identifier les conditions propices aux cha\u00eenes de valeur du charbon de bois qui fonctionnent pour les personnes et la nature.<\/span><\/p>\t\t\t\t\t\t\t\t<\/div>\n\t\t\t\t<\/div>\n\t\t\t\t\t<\/div>\n\t\t<\/div>\n\t\t\t\t\t<\/div>\n\t\t<\/section>\n\t\t\t\t<\/div>","protected":false},"excerpt":{"rendered":"<p>Dr. Tuyeni H. Mwampamba, Director Dr. Tuyeni H. Mwampamba Director Dr. Tuyeni H. Mwampamba &#8211; A native of Tanzania and\u00a0trained as an ecologist at the University of California Davis, Dr. Mwampamba has been the Africa Director of Science at The Nature Conservancy since April 2024. Prior that, she was a research professor at the Institute [&hellip;]<\/p>\n","protected":false},"author":1,"featured_media":8002,"parent":0,"menu_order":0,"comment_status":"closed","ping_status":"closed","template":"","meta":{"_acf_changed":false,"give_campaign_id":0,"site-sidebar-layout":"no-sidebar","site-content-layout":"page-builder","ast-site-content-layout":"default","site-content-style":"default","site-sidebar-style":"default","ast-global-header-display":"","ast-banner-title-visibility":"","ast-main-header-display":"","ast-hfb-above-header-display":"","ast-hfb-below-header-display":"","ast-hfb-mobile-header-display":"","site-post-title":"disabled","ast-breadcrumbs-content":"","ast-featured-img":"disabled","footer-sml-layout":"","ast-disable-related-posts":"","theme-transparent-header-meta":"default","adv-header-id-meta":"","stick-header-meta":"","header-above-stick-meta":"","header-main-stick-meta":"","header-below-stick-meta":"","astra-migrate-meta-layouts":"default","ast-page-background-enabled":"default","ast-page-background-meta":{"desktop":{"background-color":"","background-image":"","background-repeat":"repeat","background-position":"center center","background-size":"auto","background-attachment":"scroll","background-type":"","background-media":"","overlay-type":"","overlay-color":"","overlay-opacity":"","overlay-gradient":""},"tablet":{"background-color":"","background-image":"","background-repeat":"repeat","background-position":"center center","background-size":"auto","background-attachment":"scroll","background-type":"","background-media":"","overlay-type":"","overlay-color":"","overlay-opacity":"","overlay-gradient":""},"mobile":{"background-color":"","background-image":"","background-repeat":"repeat","background-position":"center center","background-size":"auto","background-attachment":"scroll","background-type":"","background-media":"","overlay-type":"","overlay-color":"","overlay-opacity":"","overlay-gradient":""}},"ast-content-background-meta":{"desktop":{"background-color":"var(--ast-global-color-5)","background-image":"","background-repeat":"repeat","background-position":"center center","background-size":"auto","background-attachment":"scroll","background-type":"","background-media":"","overlay-type":"","overlay-color":"","overlay-opacity":"","overlay-gradient":""},"tablet":{"background-color":"var(--ast-global-color-5)","background-image":"","background-repeat":"repeat","background-position":"center center","background-size":"auto","background-attachment":"scroll","background-type":"","background-media":"","overlay-type":"","overlay-color":"","overlay-opacity":"","overlay-gradient":""},"mobile":{"background-color":"var(--ast-global-color-5)","background-image":"","background-repeat":"repeat","background-position":"center center","background-size":"auto","background-attachment":"scroll","background-type":"","background-media":"","overlay-type":"","overlay-color":"","overlay-opacity":"","overlay-gradient":""}},"footnotes":""},"class_list":["post-1720","page","type-page","status-publish","has-post-thumbnail","hentry"],"acf":[],"yoast_head":"<!-- This site is optimized with the Yoast SEO plugin v27.4 - https:\/\/yoast.com\/product\/yoast-seo-wordpress\/ -->\n<title>Dr. Tuyeni H. Mwampamba - The Charcoal Project<\/title>\n<meta name=\"description\" content=\"A native of Tanzania and trained as an ecologist, Dr. Tuyeni H Mwampamba is a research professor at the Institute of Ecosystems and Sustainability Research.\" \/>\n<meta name=\"robots\" content=\"index, follow, max-snippet:-1, max-image-preview:large, max-video-preview:-1\" \/>\n<link rel=\"canonical\" href=\"https:\/\/www.charcoalproject.org\/fr\/tuyeni-mwampamba\/\" \/>\n<meta property=\"og:locale\" content=\"fr_FR\" \/>\n<meta property=\"og:type\" content=\"article\" \/>\n<meta property=\"og:title\" content=\"Dr. Tuyeni H. Mwampamba - The Charcoal Project\" \/>\n<meta property=\"og:description\" content=\"A native of Tanzania and trained as an ecologist, Dr. Tuyeni H Mwampamba is a research professor at the Institute of Ecosystems and Sustainability Research.\" \/>\n<meta property=\"og:url\" content=\"https:\/\/www.charcoalproject.org\/fr\/tuyeni-mwampamba\/\" \/>\n<meta property=\"og:site_name\" content=\"The Charcoal Project\" \/>\n<meta property=\"article:publisher\" content=\"https:\/\/www.facebook.com\/TheCharcoalProject\/\" \/>\n<meta property=\"article:modified_time\" content=\"2025-06-11T15:21:33+00:00\" \/>\n<meta property=\"og:image\" content=\"https:\/\/www.charcoalproject.org\/wp-content\/uploads\/2020\/07\/Tuyeni-cropped.jpg\" \/>\n\t<meta property=\"og:image:width\" content=\"1985\" \/>\n\t<meta property=\"og:image:height\" content=\"1657\" \/>\n\t<meta property=\"og:image:type\" content=\"image\/jpeg\" \/>\n<meta name=\"twitter:card\" content=\"summary_large_image\" \/>\n<meta name=\"twitter:site\" content=\"@charcoalproject\" \/>\n<meta name=\"twitter:label1\" content=\"Dur\u00e9e de lecture estim\u00e9e\" \/>\n\t<meta name=\"twitter:data1\" content=\"1 minute\" \/>\n<script type=\"application\/ld+json\" class=\"yoast-schema-graph\">{\"@context\":\"https:\\\/\\\/schema.org\",\"@graph\":[{\"@type\":\"WebPage\",\"@id\":\"https:\\\/\\\/www.charcoalproject.org\\\/tuyeni-mwampamba\\\/\",\"url\":\"https:\\\/\\\/www.charcoalproject.org\\\/tuyeni-mwampamba\\\/\",\"name\":\"Dr. Tuyeni H. Mwampamba - The Charcoal Project\",\"isPartOf\":{\"@id\":\"https:\\\/\\\/www.charcoalproject.org\\\/#website\"},\"primaryImageOfPage\":{\"@id\":\"https:\\\/\\\/www.charcoalproject.org\\\/tuyeni-mwampamba\\\/#primaryimage\"},\"image\":{\"@id\":\"https:\\\/\\\/www.charcoalproject.org\\\/tuyeni-mwampamba\\\/#primaryimage\"},\"thumbnailUrl\":\"https:\\\/\\\/www.charcoalproject.org\\\/wp-content\\\/uploads\\\/2020\\\/07\\\/Tuyeni-cropped.jpg\",\"datePublished\":\"2020-06-30T08:47:57+00:00\",\"dateModified\":\"2025-06-11T15:21:33+00:00\",\"description\":\"A native of Tanzania and trained as an ecologist, Dr. Tuyeni H Mwampamba is a research professor at the Institute of Ecosystems and Sustainability Research.\",\"breadcrumb\":{\"@id\":\"https:\\\/\\\/www.charcoalproject.org\\\/tuyeni-mwampamba\\\/#breadcrumb\"},\"inLanguage\":\"fr-FR\",\"potentialAction\":[{\"@type\":\"ReadAction\",\"target\":[\"https:\\\/\\\/www.charcoalproject.org\\\/tuyeni-mwampamba\\\/\"]}]},{\"@type\":\"ImageObject\",\"inLanguage\":\"fr-FR\",\"@id\":\"https:\\\/\\\/www.charcoalproject.org\\\/tuyeni-mwampamba\\\/#primaryimage\",\"url\":\"https:\\\/\\\/www.charcoalproject.org\\\/wp-content\\\/uploads\\\/2020\\\/07\\\/Tuyeni-cropped.jpg\",\"contentUrl\":\"https:\\\/\\\/www.charcoalproject.org\\\/wp-content\\\/uploads\\\/2020\\\/07\\\/Tuyeni-cropped.jpg\",\"width\":1985,\"height\":1657,\"caption\":\"Tuyeni\"},{\"@type\":\"BreadcrumbList\",\"@id\":\"https:\\\/\\\/www.charcoalproject.org\\\/tuyeni-mwampamba\\\/#breadcrumb\",\"itemListElement\":[{\"@type\":\"ListItem\",\"position\":1,\"name\":\"Home\",\"item\":\"https:\\\/\\\/www.charcoalproject.org\\\/\"},{\"@type\":\"ListItem\",\"position\":2,\"name\":\"Dr. Tuyeni H. Mwampamba\"}]},{\"@type\":\"WebSite\",\"@id\":\"https:\\\/\\\/www.charcoalproject.org\\\/#website\",\"url\":\"https:\\\/\\\/www.charcoalproject.org\\\/\",\"name\":\"The Charcoal Project\",\"description\":\"To promote, facilitate, and advocate for the widespread adoption of clean burning technologies\",\"publisher\":{\"@id\":\"https:\\\/\\\/www.charcoalproject.org\\\/#organization\"},\"potentialAction\":[{\"@type\":\"SearchAction\",\"target\":{\"@type\":\"EntryPoint\",\"urlTemplate\":\"https:\\\/\\\/www.charcoalproject.org\\\/?s={search_term_string}\"},\"query-input\":{\"@type\":\"PropertyValueSpecification\",\"valueRequired\":true,\"valueName\":\"search_term_string\"}}],\"inLanguage\":\"fr-FR\"},{\"@type\":\"Organization\",\"@id\":\"https:\\\/\\\/www.charcoalproject.org\\\/#organization\",\"name\":\"The Charcoal Project\",\"url\":\"https:\\\/\\\/www.charcoalproject.org\\\/\",\"logo\":{\"@type\":\"ImageObject\",\"inLanguage\":\"fr-FR\",\"@id\":\"https:\\\/\\\/www.charcoalproject.org\\\/#\\\/schema\\\/logo\\\/image\\\/\",\"url\":\"https:\\\/\\\/www.charcoalproject.org\\\/wp-content\\\/uploads\\\/2024\\\/10\\\/char_Sq.jpg\",\"contentUrl\":\"https:\\\/\\\/www.charcoalproject.org\\\/wp-content\\\/uploads\\\/2024\\\/10\\\/char_Sq.jpg\",\"width\":700,\"height\":700,\"caption\":\"The Charcoal Project\"},\"image\":{\"@id\":\"https:\\\/\\\/www.charcoalproject.org\\\/#\\\/schema\\\/logo\\\/image\\\/\"},\"sameAs\":[\"https:\\\/\\\/www.facebook.com\\\/TheCharcoalProject\\\/\",\"https:\\\/\\\/x.com\\\/charcoalproject\"]}]}<\/script>\n<!-- \/ Yoast SEO plugin. -->","yoast_head_json":{"title":"Dr Tuyeni H. Mwampamba - Le projet Charcoal","description":"Originaire de Tanzanie et \u00e9cologiste de formation, le Dr Tuyeni H Mwampamba est professeur de recherche \u00e0 l&#039;Institut de recherche sur les \u00e9cosyst\u00e8mes et la durabilit\u00e9.","robots":{"index":"index","follow":"follow","max-snippet":"max-snippet:-1","max-image-preview":"max-image-preview:large","max-video-preview":"max-video-preview:-1"},"canonical":"https:\/\/www.charcoalproject.org\/fr\/tuyeni-mwampamba\/","og_locale":"fr_FR","og_type":"article","og_title":"Dr. Tuyeni H. Mwampamba - The Charcoal Project","og_description":"A native of Tanzania and trained as an ecologist, Dr. Tuyeni H Mwampamba is a research professor at the Institute of Ecosystems and Sustainability Research.","og_url":"https:\/\/www.charcoalproject.org\/fr\/tuyeni-mwampamba\/","og_site_name":"The Charcoal Project","article_publisher":"https:\/\/www.facebook.com\/TheCharcoalProject\/","article_modified_time":"2025-06-11T15:21:33+00:00","og_image":[{"width":1985,"height":1657,"url":"https:\/\/www.charcoalproject.org\/wp-content\/uploads\/2020\/07\/Tuyeni-cropped.jpg","type":"image\/jpeg"}],"twitter_card":"summary_large_image","twitter_site":"@charcoalproject","twitter_misc":{"Dur\u00e9e de lecture estim\u00e9e":"1 minute"},"schema":{"@context":"https:\/\/schema.org","@graph":[{"@type":"WebPage","@id":"https:\/\/www.charcoalproject.org\/tuyeni-mwampamba\/","url":"https:\/\/www.charcoalproject.org\/tuyeni-mwampamba\/","name":"Dr Tuyeni H. Mwampamba - Le projet Charcoal","isPartOf":{"@id":"https:\/\/www.charcoalproject.org\/#website"},"primaryImageOfPage":{"@id":"https:\/\/www.charcoalproject.org\/tuyeni-mwampamba\/#primaryimage"},"image":{"@id":"https:\/\/www.charcoalproject.org\/tuyeni-mwampamba\/#primaryimage"},"thumbnailUrl":"https:\/\/www.charcoalproject.org\/wp-content\/uploads\/2020\/07\/Tuyeni-cropped.jpg","datePublished":"2020-06-30T08:47:57+00:00","dateModified":"2025-06-11T15:21:33+00:00","description":"Originaire de Tanzanie et \u00e9cologiste de formation, le Dr Tuyeni H Mwampamba est professeur de recherche \u00e0 l&#039;Institut de recherche sur les \u00e9cosyst\u00e8mes et la durabilit\u00e9.","breadcrumb":{"@id":"https:\/\/www.charcoalproject.org\/tuyeni-mwampamba\/#breadcrumb"},"inLanguage":"fr-FR","potentialAction":[{"@type":"ReadAction","target":["https:\/\/www.charcoalproject.org\/tuyeni-mwampamba\/"]}]},{"@type":"ImageObject","inLanguage":"fr-FR","@id":"https:\/\/www.charcoalproject.org\/tuyeni-mwampamba\/#primaryimage","url":"https:\/\/www.charcoalproject.org\/wp-content\/uploads\/2020\/07\/Tuyeni-cropped.jpg","contentUrl":"https:\/\/www.charcoalproject.org\/wp-content\/uploads\/2020\/07\/Tuyeni-cropped.jpg","width":1985,"height":1657,"caption":"Tuyeni"},{"@type":"BreadcrumbList","@id":"https:\/\/www.charcoalproject.org\/tuyeni-mwampamba\/#breadcrumb","itemListElement":[{"@type":"ListItem","position":1,"name":"Home","item":"https:\/\/www.charcoalproject.org\/"},{"@type":"ListItem","position":2,"name":"Dr. Tuyeni H. Mwampamba"}]},{"@type":"WebSite","@id":"https:\/\/www.charcoalproject.org\/#website","url":"https:\/\/www.charcoalproject.org\/","name":"Le projet de charbon de bois","description":"Promouvoir, faciliter et plaider en faveur de l\u2019adoption g\u00e9n\u00e9ralis\u00e9e de technologies de combustion propre","publisher":{"@id":"https:\/\/www.charcoalproject.org\/#organization"},"potentialAction":[{"@type":"SearchAction","target":{"@type":"EntryPoint","urlTemplate":"https:\/\/www.charcoalproject.org\/?s={search_term_string}"},"query-input":{"@type":"PropertyValueSpecification","valueRequired":true,"valueName":"search_term_string"}}],"inLanguage":"fr-FR"},{"@type":"Organization","@id":"https:\/\/www.charcoalproject.org\/#organization","name":"Le projet de charbon de bois","url":"https:\/\/www.charcoalproject.org\/","logo":{"@type":"ImageObject","inLanguage":"fr-FR","@id":"https:\/\/www.charcoalproject.org\/#\/schema\/logo\/image\/","url":"https:\/\/www.charcoalproject.org\/wp-content\/uploads\/2024\/10\/char_Sq.jpg","contentUrl":"https:\/\/www.charcoalproject.org\/wp-content\/uploads\/2024\/10\/char_Sq.jpg","width":700,"height":700,"caption":"The Charcoal Project"},"image":{"@id":"https:\/\/www.charcoalproject.org\/#\/schema\/logo\/image\/"},"sameAs":["https:\/\/www.facebook.com\/TheCharcoalProject\/","https:\/\/x.com\/charcoalproject"]}]}},"campaignId":"","_links":{"self":[{"href":"https:\/\/www.charcoalproject.org\/fr\/wp-json\/wp\/v2\/pages\/1720","targetHints":{"allow":["GET"]}}],"collection":[{"href":"https:\/\/www.charcoalproject.org\/fr\/wp-json\/wp\/v2\/pages"}],"about":[{"href":"https:\/\/www.charcoalproject.org\/fr\/wp-json\/wp\/v2\/types\/page"}],"author":[{"embeddable":true,"href":"https:\/\/www.charcoalproject.org\/fr\/wp-json\/wp\/v2\/users\/1"}],"replies":[{"embeddable":true,"href":"https:\/\/www.charcoalproject.org\/fr\/wp-json\/wp\/v2\/comments?post=1720"}],"version-history":[{"count":3,"href":"https:\/\/www.charcoalproject.org\/fr\/wp-json\/wp\/v2\/pages\/1720\/revisions"}],"predecessor-version":[{"id":9598,"href":"https:\/\/www.charcoalproject.org\/fr\/wp-json\/wp\/v2\/pages\/1720\/revisions\/9598"}],"wp:featuredmedia":[{"embeddable":true,"href":"https:\/\/www.charcoalproject.org\/fr\/wp-json\/wp\/v2\/media\/8002"}],"wp:attachment":[{"href":"https:\/\/www.charcoalproject.org\/fr\/wp-json\/wp\/v2\/media?parent=1720"}],"curies":[{"name":"wp","href":"https:\/\/api.w.org\/{rel}","templated":true}]}}