{"id":1714,"date":"2020-06-30T08:36:59","date_gmt":"2020-06-30T08:36:59","guid":{"rendered":"https:\/\/charcoalproject.org\/?page_id=1714"},"modified":"2021-01-19T23:59:07","modified_gmt":"2021-01-19T23:59:07","slug":"sylvia-herzog-2","status":"publish","type":"page","link":"https:\/\/www.charcoalproject.org\/fr\/sylvia-herzog-2\/","title":{"rendered":"Sylvia Herzog"},"content":{"rendered":"<div data-elementor-type=\"wp-page\" data-elementor-id=\"1714\" class=\"elementor elementor-1714\" data-elementor-post-type=\"page\">\n\t\t\t\t\t\t<section class=\"elementor-section elementor-top-section elementor-element elementor-element-53b57bde elementor-section-stretched elementor-section-height-min-height elementor-section-boxed elementor-section-height-default elementor-section-items-middle\" data-id=\"53b57bde\" data-element_type=\"section\" data-e-type=\"section\" data-settings=\"{&quot;stretch_section&quot;:&quot;section-stretched&quot;,&quot;background_background&quot;:&quot;classic&quot;}\">\n\t\t\t\t\t\t\t<div class=\"elementor-background-overlay\"><\/div>\n\t\t\t\t\t\t\t<div class=\"elementor-container elementor-column-gap-no\">\n\t\t\t\t\t<div class=\"elementor-column elementor-col-100 elementor-top-column elementor-element elementor-element-11c644f4\" data-id=\"11c644f4\" data-element_type=\"column\" data-e-type=\"column\">\n\t\t\t<div class=\"elementor-widget-wrap elementor-element-populated\">\n\t\t\t\t\t\t<div class=\"elementor-element elementor-element-59bf2583 elementor-widget elementor-widget-heading\" data-id=\"59bf2583\" data-element_type=\"widget\" data-e-type=\"widget\" data-widget_type=\"heading.default\">\n\t\t\t\t<div class=\"elementor-widget-container\">\n\t\t\t\t\t<h2 class=\"elementor-heading-title elementor-size-large\">Sylvia Herzog, directrice et tr\u00e9sori\u00e8re\/secr\u00e9taire du conseil<\/h2>\t\t\t\t<\/div>\n\t\t\t\t<\/div>\n\t\t\t\t\t<\/div>\n\t\t<\/div>\n\t\t\t\t\t<\/div>\n\t\t<\/section>\n\t\t\t\t<section class=\"elementor-section elementor-top-section elementor-element elementor-element-6ad5f5af elementor-section-boxed elementor-section-height-default elementor-section-height-default\" data-id=\"6ad5f5af\" data-element_type=\"section\" data-e-type=\"section\">\n\t\t\t\t\t\t<div class=\"elementor-container elementor-column-gap-default\">\n\t\t\t\t\t<div class=\"elementor-column elementor-col-50 elementor-top-column elementor-element elementor-element-5f1cd942\" data-id=\"5f1cd942\" data-element_type=\"column\" data-e-type=\"column\">\n\t\t\t<div class=\"elementor-widget-wrap elementor-element-populated\">\n\t\t\t\t\t\t<div class=\"elementor-element elementor-element-6d2e11b6 elementor-widget elementor-widget-image\" data-id=\"6d2e11b6\" data-element_type=\"widget\" data-e-type=\"widget\" data-widget_type=\"image.default\">\n\t\t\t\t<div class=\"elementor-widget-container\">\n\t\t\t\t\t\t\t\t\t\t\t\t\t\t\t<img fetchpriority=\"high\" decoding=\"async\" width=\"1707\" height=\"2560\" src=\"https:\/\/www.charcoalproject.org\/wp-content\/uploads\/2021\/01\/Herzog-049-75-scaled.jpg\" class=\"attachment-full size-full wp-image-8849\" alt=\"Sylvia Herzog\" srcset=\"https:\/\/www.charcoalproject.org\/wp-content\/uploads\/2021\/01\/Herzog-049-75-scaled.jpg 1707w, https:\/\/www.charcoalproject.org\/wp-content\/uploads\/2021\/01\/Herzog-049-75-200x300.jpg 200w, https:\/\/www.charcoalproject.org\/wp-content\/uploads\/2021\/01\/Herzog-049-75-683x1024.jpg 683w, https:\/\/www.charcoalproject.org\/wp-content\/uploads\/2021\/01\/Herzog-049-75-768x1152.jpg 768w, https:\/\/www.charcoalproject.org\/wp-content\/uploads\/2021\/01\/Herzog-049-75-1024x1536.jpg 1024w, https:\/\/www.charcoalproject.org\/wp-content\/uploads\/2021\/01\/Herzog-049-75-1365x2048.jpg 1365w\" sizes=\"(max-width: 1707px) 100vw, 1707px\" \/>\t\t\t\t\t\t\t\t\t\t\t\t\t\t\t<\/div>\n\t\t\t\t<\/div>\n\t\t\t\t<div class=\"elementor-element elementor-element-2645efd5 elementor-widget elementor-widget-heading\" data-id=\"2645efd5\" data-element_type=\"widget\" data-e-type=\"widget\" data-widget_type=\"heading.default\">\n\t\t\t\t<div class=\"elementor-widget-container\">\n\t\t\t\t\t<h4 class=\"elementor-heading-title elementor-size-default\">Sylvia Herzog<\/h4>\t\t\t\t<\/div>\n\t\t\t\t<\/div>\n\t\t\t\t<div class=\"elementor-element elementor-element-7380a410 elementor-widget elementor-widget-text-editor\" data-id=\"7380a410\" data-element_type=\"widget\" data-e-type=\"widget\" data-widget_type=\"text-editor.default\">\n\t\t\t\t<div class=\"elementor-widget-container\">\n\t\t\t\t\t\t\t\t\tSylvia Herzog, directrice et tr\u00e9sori\u00e8re\/secr\u00e9taire du conseil\t\t\t\t\t\t\t\t<\/div>\n\t\t\t\t<\/div>\n\t\t\t\t\t<\/div>\n\t\t<\/div>\n\t\t\t\t<div class=\"elementor-column elementor-col-50 elementor-top-column elementor-element elementor-element-66713f08\" data-id=\"66713f08\" data-element_type=\"column\" data-e-type=\"column\">\n\t\t\t<div class=\"elementor-widget-wrap elementor-element-populated\">\n\t\t\t\t\t\t<div class=\"elementor-element elementor-element-237261bf elementor-widget elementor-widget-text-editor\" data-id=\"237261bf\" data-element_type=\"widget\" data-e-type=\"widget\" data-widget_type=\"text-editor.default\">\n\t\t\t\t<div class=\"elementor-widget-container\">\n\t\t\t\t\t\t\t\t\t<p>Sylvia a rejoint The Charcoal Project en 2010 en raison d&#039;un fort int\u00e9r\u00eat pour la recherche de solutions d&#039;\u00e9nergie renouvelable pour lutter contre le r\u00e9chauffement climatique et la d\u00e9forestation.<\/p>\n<p>Elle a g\u00e9r\u00e9 les projets sur le terrain de TCP et le d\u00e9veloppement de nouvelles entreprises, comme le&nbsp;<a href=\"https:\/\/www.charcoalproject.org\/fr\/about-hfi\/\" target=\"_blank\">Initiative de r\u00e9colte de carburant<\/a>. Pendant son s\u00e9jour au Charcoal Project, Sylvia a mis \u00e0 profit sa vaste exp\u00e9rience pour aider les entrepreneurs \u00e0 fournir une assistance aux producteurs d&#039;\u00e9nergie de biomasse durable.<\/p>\n<p>Auparavant, Sylvia a travaill\u00e9 comme directrice de programme au Women&#039;s Enterprise Development Center, o\u00f9 elle a travaill\u00e9 en \u00e9troite collaboration avec des entrepreneurs \u00e0 toutes les \u00e9tapes pour les aider dans leurs entreprises. Sylvia a occup\u00e9 divers postes dans le secteur bancaire et financier, y compris les placements priv\u00e9s et la gestion des relations.<\/p>\n<p>Elle est titulaire d&#039;un MBA, d&#039;une ma\u00eetrise en politique publique et d&#039;un baccalaur\u00e9at en \u00e9conomie, tous de l&#039;Universit\u00e9 du Michigan. Sylvie est une&nbsp;<a href=\"http:\/\/fordschool.umich.edu\/alumni-board\" target=\"_blank\">Membre du conseil d&#039;administration de la Ford School of Public Policy de l&#039;Universit\u00e9 du Michigan<\/a>&nbsp;et elle r\u00e9side actuellement avec sa famille dans le comt\u00e9 de Westchester, New York.<\/p>\t\t\t\t\t\t\t\t<\/div>\n\t\t\t\t<\/div>\n\t\t\t\t\t<\/div>\n\t\t<\/div>\n\t\t\t\t\t<\/div>\n\t\t<\/section>\n\t\t\t\t<\/div>","protected":false},"excerpt":{"rendered":"<p>Sylvia Herzog, Director and Board Treasurer\/Secretary Sylvia Herzog Sylvia Herzog, Director and Board Treasurer\/Secretary Sylvia joined The Charcoal Project in 2010 because of a strong interest in finding renewable energy solutions to combat global warming and deforestation. She has managed TCP\u2019s on-the-ground projects and the development of new ventures, like the\u00a0Harvest Fuel Initiative.\u00a0 While at [&hellip;]<\/p>\n","protected":false},"author":1,"featured_media":8849,"parent":0,"menu_order":0,"comment_status":"closed","ping_status":"closed","template":"elementor_header_footer","meta":{"_acf_changed":false,"give_campaign_id":0,"site-sidebar-layout":"no-sidebar","site-content-layout":"page-builder","ast-site-content-layout":"default","site-content-style":"default","site-sidebar-style":"default","ast-global-header-display":"","ast-banner-title-visibility":"","ast-main-header-display":"","ast-hfb-above-header-display":"","ast-hfb-below-header-display":"","ast-hfb-mobile-header-display":"","site-post-title":"disabled","ast-breadcrumbs-content":"","ast-featured-img":"disabled","footer-sml-layout":"","ast-disable-related-posts":"","theme-transparent-header-meta":"default","adv-header-id-meta":"","stick-header-meta":"","header-above-stick-meta":"","header-main-stick-meta":"","header-below-stick-meta":"","astra-migrate-meta-layouts":"default","ast-page-background-enabled":"default","ast-page-background-meta":{"desktop":{"background-color":"","background-image":"","background-repeat":"repeat","background-position":"center center","background-size":"auto","background-attachment":"scroll","background-type":"","background-media":"","overlay-type":"","overlay-color":"","overlay-opacity":"","overlay-gradient":""},"tablet":{"background-color":"","background-image":"","background-repeat":"repeat","background-position":"center center","background-size":"auto","background-attachment":"scroll","background-type":"","background-media":"","overlay-type":"","overlay-color":"","overlay-opacity":"","overlay-gradient":""},"mobile":{"background-color":"","background-image":"","background-repeat":"repeat","background-position":"center center","background-size":"auto","background-attachment":"scroll","background-type":"","background-media":"","overlay-type":"","overlay-color":"","overlay-opacity":"","overlay-gradient":""}},"ast-content-background-meta":{"desktop":{"background-color":"var(--ast-global-color-5)","background-image":"","background-repeat":"repeat","background-position":"center center","background-size":"auto","background-attachment":"scroll","background-type":"","background-media":"","overlay-type":"","overlay-color":"","overlay-opacity":"","overlay-gradient":""},"tablet":{"background-color":"var(--ast-global-color-5)","background-image":"","background-repeat":"repeat","background-position":"center center","background-size":"auto","background-attachment":"scroll","background-type":"","background-media":"","overlay-type":"","overlay-color":"","overlay-opacity":"","overlay-gradient":""},"mobile":{"background-color":"var(--ast-global-color-5)","background-image":"","background-repeat":"repeat","background-position":"center center","background-size":"auto","background-attachment":"scroll","background-type":"","background-media":"","overlay-type":"","overlay-color":"","overlay-opacity":"","overlay-gradient":""}},"footnotes":""},"class_list":["post-1714","page","type-page","status-publish","has-post-thumbnail","hentry"],"acf":[],"yoast_head":"<!-- This site is optimized with the Yoast SEO plugin v27.4 - https:\/\/yoast.com\/product\/yoast-seo-wordpress\/ -->\n<title>Sylvia Herzog - The Charcoal Project<\/title>\n<meta name=\"description\" content=\"Sylvia Herzog joined The Charcoal Project in 2010 because of a strong interest in renewable energy and desire to combat global warming and deforestation.\" \/>\n<meta name=\"robots\" content=\"index, follow, max-snippet:-1, max-image-preview:large, max-video-preview:-1\" \/>\n<link rel=\"canonical\" href=\"https:\/\/www.charcoalproject.org\/fr\/sylvia-herzog-2\/\" \/>\n<meta property=\"og:locale\" content=\"fr_FR\" \/>\n<meta property=\"og:type\" content=\"article\" \/>\n<meta property=\"og:title\" content=\"Sylvia Herzog - The Charcoal Project\" \/>\n<meta property=\"og:description\" content=\"Sylvia Herzog joined The Charcoal Project in 2010 because of a strong interest in renewable energy and desire to combat global warming and deforestation.\" \/>\n<meta property=\"og:url\" content=\"https:\/\/www.charcoalproject.org\/fr\/sylvia-herzog-2\/\" \/>\n<meta property=\"og:site_name\" content=\"The Charcoal Project\" \/>\n<meta property=\"article:publisher\" content=\"https:\/\/www.facebook.com\/TheCharcoalProject\/\" \/>\n<meta property=\"article:modified_time\" content=\"2021-01-19T23:59:07+00:00\" \/>\n<meta property=\"og:image\" content=\"https:\/\/www.charcoalproject.org\/wp-content\/uploads\/2021\/01\/Herzog-049-75-scaled.jpg\" \/>\n\t<meta property=\"og:image:width\" content=\"1707\" \/>\n\t<meta property=\"og:image:height\" content=\"2560\" \/>\n\t<meta property=\"og:image:type\" content=\"image\/jpeg\" \/>\n<meta name=\"twitter:card\" content=\"summary_large_image\" \/>\n<meta name=\"twitter:site\" content=\"@charcoalproject\" \/>\n<meta name=\"twitter:label1\" content=\"Dur\u00e9e de lecture estim\u00e9e\" \/>\n\t<meta name=\"twitter:data1\" content=\"1 minute\" \/>\n<script type=\"application\/ld+json\" class=\"yoast-schema-graph\">{\"@context\":\"https:\\\/\\\/schema.org\",\"@graph\":[{\"@type\":\"WebPage\",\"@id\":\"https:\\\/\\\/www.charcoalproject.org\\\/sylvia-herzog-2\\\/\",\"url\":\"https:\\\/\\\/www.charcoalproject.org\\\/sylvia-herzog-2\\\/\",\"name\":\"Sylvia Herzog - The Charcoal Project\",\"isPartOf\":{\"@id\":\"https:\\\/\\\/www.charcoalproject.org\\\/#website\"},\"primaryImageOfPage\":{\"@id\":\"https:\\\/\\\/www.charcoalproject.org\\\/sylvia-herzog-2\\\/#primaryimage\"},\"image\":{\"@id\":\"https:\\\/\\\/www.charcoalproject.org\\\/sylvia-herzog-2\\\/#primaryimage\"},\"thumbnailUrl\":\"https:\\\/\\\/www.charcoalproject.org\\\/wp-content\\\/uploads\\\/2021\\\/01\\\/Herzog-049-75-scaled.jpg\",\"datePublished\":\"2020-06-30T08:36:59+00:00\",\"dateModified\":\"2021-01-19T23:59:07+00:00\",\"description\":\"Sylvia Herzog joined The Charcoal Project in 2010 because of a strong interest in renewable energy and desire to combat global warming and deforestation.\",\"breadcrumb\":{\"@id\":\"https:\\\/\\\/www.charcoalproject.org\\\/sylvia-herzog-2\\\/#breadcrumb\"},\"inLanguage\":\"fr-FR\",\"potentialAction\":[{\"@type\":\"ReadAction\",\"target\":[\"https:\\\/\\\/www.charcoalproject.org\\\/sylvia-herzog-2\\\/\"]}]},{\"@type\":\"ImageObject\",\"inLanguage\":\"fr-FR\",\"@id\":\"https:\\\/\\\/www.charcoalproject.org\\\/sylvia-herzog-2\\\/#primaryimage\",\"url\":\"https:\\\/\\\/www.charcoalproject.org\\\/wp-content\\\/uploads\\\/2021\\\/01\\\/Herzog-049-75-scaled.jpg\",\"contentUrl\":\"https:\\\/\\\/www.charcoalproject.org\\\/wp-content\\\/uploads\\\/2021\\\/01\\\/Herzog-049-75-scaled.jpg\",\"width\":1707,\"height\":2560,\"caption\":\"Sylvia Herzog\"},{\"@type\":\"BreadcrumbList\",\"@id\":\"https:\\\/\\\/www.charcoalproject.org\\\/sylvia-herzog-2\\\/#breadcrumb\",\"itemListElement\":[{\"@type\":\"ListItem\",\"position\":1,\"name\":\"Home\",\"item\":\"https:\\\/\\\/www.charcoalproject.org\\\/\"},{\"@type\":\"ListItem\",\"position\":2,\"name\":\"Sylvia Herzog\"}]},{\"@type\":\"WebSite\",\"@id\":\"https:\\\/\\\/www.charcoalproject.org\\\/#website\",\"url\":\"https:\\\/\\\/www.charcoalproject.org\\\/\",\"name\":\"The Charcoal Project\",\"description\":\"To promote, facilitate, and advocate for the widespread adoption of clean burning technologies\",\"publisher\":{\"@id\":\"https:\\\/\\\/www.charcoalproject.org\\\/#organization\"},\"potentialAction\":[{\"@type\":\"SearchAction\",\"target\":{\"@type\":\"EntryPoint\",\"urlTemplate\":\"https:\\\/\\\/www.charcoalproject.org\\\/?s={search_term_string}\"},\"query-input\":{\"@type\":\"PropertyValueSpecification\",\"valueRequired\":true,\"valueName\":\"search_term_string\"}}],\"inLanguage\":\"fr-FR\"},{\"@type\":\"Organization\",\"@id\":\"https:\\\/\\\/www.charcoalproject.org\\\/#organization\",\"name\":\"The Charcoal Project\",\"url\":\"https:\\\/\\\/www.charcoalproject.org\\\/\",\"logo\":{\"@type\":\"ImageObject\",\"inLanguage\":\"fr-FR\",\"@id\":\"https:\\\/\\\/www.charcoalproject.org\\\/#\\\/schema\\\/logo\\\/image\\\/\",\"url\":\"https:\\\/\\\/www.charcoalproject.org\\\/wp-content\\\/uploads\\\/2024\\\/10\\\/char_Sq.jpg\",\"contentUrl\":\"https:\\\/\\\/www.charcoalproject.org\\\/wp-content\\\/uploads\\\/2024\\\/10\\\/char_Sq.jpg\",\"width\":700,\"height\":700,\"caption\":\"The Charcoal Project\"},\"image\":{\"@id\":\"https:\\\/\\\/www.charcoalproject.org\\\/#\\\/schema\\\/logo\\\/image\\\/\"},\"sameAs\":[\"https:\\\/\\\/www.facebook.com\\\/TheCharcoalProject\\\/\",\"https:\\\/\\\/x.com\\\/charcoalproject\"]}]}<\/script>\n<!-- \/ Yoast SEO plugin. -->","yoast_head_json":{"title":"Sylvia Herzog - Le Projet Charbon","description":"Sylvia Herzog a rejoint The Charcoal Project en 2010 en raison d&#039;un vif int\u00e9r\u00eat pour les \u00e9nergies renouvelables et de son d\u00e9sir de lutter contre le r\u00e9chauffement climatique et la d\u00e9forestation.","robots":{"index":"index","follow":"follow","max-snippet":"max-snippet:-1","max-image-preview":"max-image-preview:large","max-video-preview":"max-video-preview:-1"},"canonical":"https:\/\/www.charcoalproject.org\/fr\/sylvia-herzog-2\/","og_locale":"fr_FR","og_type":"article","og_title":"Sylvia Herzog - The Charcoal Project","og_description":"Sylvia Herzog joined The Charcoal Project in 2010 because of a strong interest in renewable energy and desire to combat global warming and deforestation.","og_url":"https:\/\/www.charcoalproject.org\/fr\/sylvia-herzog-2\/","og_site_name":"The Charcoal Project","article_publisher":"https:\/\/www.facebook.com\/TheCharcoalProject\/","article_modified_time":"2021-01-19T23:59:07+00:00","og_image":[{"width":1707,"height":2560,"url":"https:\/\/www.charcoalproject.org\/wp-content\/uploads\/2021\/01\/Herzog-049-75-scaled.jpg","type":"image\/jpeg"}],"twitter_card":"summary_large_image","twitter_site":"@charcoalproject","twitter_misc":{"Dur\u00e9e de lecture estim\u00e9e":"1 minute"},"schema":{"@context":"https:\/\/schema.org","@graph":[{"@type":"WebPage","@id":"https:\/\/www.charcoalproject.org\/sylvia-herzog-2\/","url":"https:\/\/www.charcoalproject.org\/sylvia-herzog-2\/","name":"Sylvia Herzog - Le Projet Charbon","isPartOf":{"@id":"https:\/\/www.charcoalproject.org\/#website"},"primaryImageOfPage":{"@id":"https:\/\/www.charcoalproject.org\/sylvia-herzog-2\/#primaryimage"},"image":{"@id":"https:\/\/www.charcoalproject.org\/sylvia-herzog-2\/#primaryimage"},"thumbnailUrl":"https:\/\/www.charcoalproject.org\/wp-content\/uploads\/2021\/01\/Herzog-049-75-scaled.jpg","datePublished":"2020-06-30T08:36:59+00:00","dateModified":"2021-01-19T23:59:07+00:00","description":"Sylvia Herzog a rejoint The Charcoal Project en 2010 en raison d&#039;un vif int\u00e9r\u00eat pour les \u00e9nergies renouvelables et de son d\u00e9sir de lutter contre le r\u00e9chauffement climatique et la d\u00e9forestation.","breadcrumb":{"@id":"https:\/\/www.charcoalproject.org\/sylvia-herzog-2\/#breadcrumb"},"inLanguage":"fr-FR","potentialAction":[{"@type":"ReadAction","target":["https:\/\/www.charcoalproject.org\/sylvia-herzog-2\/"]}]},{"@type":"ImageObject","inLanguage":"fr-FR","@id":"https:\/\/www.charcoalproject.org\/sylvia-herzog-2\/#primaryimage","url":"https:\/\/www.charcoalproject.org\/wp-content\/uploads\/2021\/01\/Herzog-049-75-scaled.jpg","contentUrl":"https:\/\/www.charcoalproject.org\/wp-content\/uploads\/2021\/01\/Herzog-049-75-scaled.jpg","width":1707,"height":2560,"caption":"Sylvia Herzog"},{"@type":"BreadcrumbList","@id":"https:\/\/www.charcoalproject.org\/sylvia-herzog-2\/#breadcrumb","itemListElement":[{"@type":"ListItem","position":1,"name":"Home","item":"https:\/\/www.charcoalproject.org\/"},{"@type":"ListItem","position":2,"name":"Sylvia Herzog"}]},{"@type":"WebSite","@id":"https:\/\/www.charcoalproject.org\/#website","url":"https:\/\/www.charcoalproject.org\/","name":"Le projet de charbon de bois","description":"Promouvoir, faciliter et plaider en faveur de l\u2019adoption g\u00e9n\u00e9ralis\u00e9e de technologies de combustion propre","publisher":{"@id":"https:\/\/www.charcoalproject.org\/#organization"},"potentialAction":[{"@type":"SearchAction","target":{"@type":"EntryPoint","urlTemplate":"https:\/\/www.charcoalproject.org\/?s={search_term_string}"},"query-input":{"@type":"PropertyValueSpecification","valueRequired":true,"valueName":"search_term_string"}}],"inLanguage":"fr-FR"},{"@type":"Organization","@id":"https:\/\/www.charcoalproject.org\/#organization","name":"Le projet de charbon de bois","url":"https:\/\/www.charcoalproject.org\/","logo":{"@type":"ImageObject","inLanguage":"fr-FR","@id":"https:\/\/www.charcoalproject.org\/#\/schema\/logo\/image\/","url":"https:\/\/www.charcoalproject.org\/wp-content\/uploads\/2024\/10\/char_Sq.jpg","contentUrl":"https:\/\/www.charcoalproject.org\/wp-content\/uploads\/2024\/10\/char_Sq.jpg","width":700,"height":700,"caption":"The Charcoal Project"},"image":{"@id":"https:\/\/www.charcoalproject.org\/#\/schema\/logo\/image\/"},"sameAs":["https:\/\/www.facebook.com\/TheCharcoalProject\/","https:\/\/x.com\/charcoalproject"]}]}},"campaignId":"","_links":{"self":[{"href":"https:\/\/www.charcoalproject.org\/fr\/wp-json\/wp\/v2\/pages\/1714","targetHints":{"allow":["GET"]}}],"collection":[{"href":"https:\/\/www.charcoalproject.org\/fr\/wp-json\/wp\/v2\/pages"}],"about":[{"href":"https:\/\/www.charcoalproject.org\/fr\/wp-json\/wp\/v2\/types\/page"}],"author":[{"embeddable":true,"href":"https:\/\/www.charcoalproject.org\/fr\/wp-json\/wp\/v2\/users\/1"}],"replies":[{"embeddable":true,"href":"https:\/\/www.charcoalproject.org\/fr\/wp-json\/wp\/v2\/comments?post=1714"}],"version-history":[{"count":0,"href":"https:\/\/www.charcoalproject.org\/fr\/wp-json\/wp\/v2\/pages\/1714\/revisions"}],"wp:featuredmedia":[{"embeddable":true,"href":"https:\/\/www.charcoalproject.org\/fr\/wp-json\/wp\/v2\/media\/8849"}],"wp:attachment":[{"href":"https:\/\/www.charcoalproject.org\/fr\/wp-json\/wp\/v2\/media?parent=1714"}],"curies":[{"name":"wp","href":"https:\/\/api.w.org\/{rel}","templated":true}]}}