{"id":1703,"date":"2020-06-30T08:27:58","date_gmt":"2020-06-30T08:27:58","guid":{"rendered":"https:\/\/charcoalproject.org\/?page_id=1703"},"modified":"2020-07-23T18:25:13","modified_gmt":"2020-07-23T18:25:13","slug":"jean-kim","status":"publish","type":"page","link":"https:\/\/www.charcoalproject.org\/fr\/jean-kim\/","title":{"rendered":"Jean-Kim Chaix"},"content":{"rendered":"<div data-elementor-type=\"wp-page\" data-elementor-id=\"1703\" class=\"elementor elementor-1703\" data-elementor-post-type=\"page\">\n\t\t\t\t\t\t<section class=\"elementor-section elementor-top-section elementor-element elementor-element-5159ec1d elementor-section-stretched elementor-section-height-min-height elementor-section-boxed elementor-section-height-default elementor-section-items-middle\" data-id=\"5159ec1d\" data-element_type=\"section\" data-e-type=\"section\" data-settings=\"{&quot;stretch_section&quot;:&quot;section-stretched&quot;,&quot;background_background&quot;:&quot;classic&quot;}\">\n\t\t\t\t\t\t\t<div class=\"elementor-background-overlay\"><\/div>\n\t\t\t\t\t\t\t<div class=\"elementor-container elementor-column-gap-no\">\n\t\t\t\t\t<div class=\"elementor-column elementor-col-100 elementor-top-column elementor-element elementor-element-94caff0\" data-id=\"94caff0\" data-element_type=\"column\" data-e-type=\"column\">\n\t\t\t<div class=\"elementor-widget-wrap elementor-element-populated\">\n\t\t\t\t\t\t<div class=\"elementor-element elementor-element-761233ba elementor-widget elementor-widget-heading\" data-id=\"761233ba\" data-element_type=\"widget\" data-e-type=\"widget\" data-widget_type=\"heading.default\">\n\t\t\t\t<div class=\"elementor-widget-container\">\n\t\t\t\t\t<h2 class=\"elementor-heading-title elementor-size-large\">Jean Kim Chaix, administrateur et pr\u00e9sident du conseil<\/h2>\t\t\t\t<\/div>\n\t\t\t\t<\/div>\n\t\t\t\t\t<\/div>\n\t\t<\/div>\n\t\t\t\t\t<\/div>\n\t\t<\/section>\n\t\t\t\t<section class=\"elementor-section elementor-top-section elementor-element elementor-element-ef9a5af elementor-section-boxed elementor-section-height-default elementor-section-height-default\" data-id=\"ef9a5af\" data-element_type=\"section\" data-e-type=\"section\">\n\t\t\t\t\t\t<div class=\"elementor-container elementor-column-gap-default\">\n\t\t\t\t\t<div class=\"elementor-column elementor-col-50 elementor-top-column elementor-element elementor-element-2be5a69\" data-id=\"2be5a69\" data-element_type=\"column\" data-e-type=\"column\">\n\t\t\t<div class=\"elementor-widget-wrap elementor-element-populated\">\n\t\t\t\t\t\t<div class=\"elementor-element elementor-element-5b1454b elementor-widget elementor-widget-image\" data-id=\"5b1454b\" data-element_type=\"widget\" data-e-type=\"widget\" data-widget_type=\"image.default\">\n\t\t\t\t<div class=\"elementor-widget-container\">\n\t\t\t\t\t\t\t\t\t\t\t\t\t\t\t<img fetchpriority=\"high\" decoding=\"async\" width=\"350\" height=\"440\" src=\"https:\/\/www.charcoalproject.org\/wp-content\/uploads\/2020\/06\/Jean-Kim-Chaix-1.jpg\" class=\"attachment-full size-full wp-image-1378\" alt=\"Jean Kim Chaix\" srcset=\"https:\/\/www.charcoalproject.org\/wp-content\/uploads\/2020\/06\/Jean-Kim-Chaix-1.jpg 350w, https:\/\/www.charcoalproject.org\/wp-content\/uploads\/2020\/06\/Jean-Kim-Chaix-1-239x300.jpg 239w\" sizes=\"(max-width: 350px) 100vw, 350px\" \/>\t\t\t\t\t\t\t\t\t\t\t\t\t\t\t<\/div>\n\t\t\t\t<\/div>\n\t\t\t\t<div class=\"elementor-element elementor-element-9057ec8 elementor-widget elementor-widget-heading\" data-id=\"9057ec8\" data-element_type=\"widget\" data-e-type=\"widget\" data-widget_type=\"heading.default\">\n\t\t\t\t<div class=\"elementor-widget-container\">\n\t\t\t\t\t<h4 class=\"elementor-heading-title elementor-size-default\"><a href=\"#\">Jean-Kim Chaix<\/a><\/h4>\t\t\t\t<\/div>\n\t\t\t\t<\/div>\n\t\t\t\t<div class=\"elementor-element elementor-element-2757832 elementor-widget elementor-widget-text-editor\" data-id=\"2757832\" data-element_type=\"widget\" data-e-type=\"widget\" data-widget_type=\"text-editor.default\">\n\t\t\t\t<div class=\"elementor-widget-container\">\n\t\t\t\t\t\t\t\t\tFondateur, administrateur et pr\u00e9sident du conseil d&#039;administration\n\t\t\t\t\t\t\t\t<\/div>\n\t\t\t\t<\/div>\n\t\t\t\t\t<\/div>\n\t\t<\/div>\n\t\t\t\t<div class=\"elementor-column elementor-col-50 elementor-top-column elementor-element elementor-element-ed79bdb\" data-id=\"ed79bdb\" data-element_type=\"column\" data-e-type=\"column\">\n\t\t\t<div class=\"elementor-widget-wrap elementor-element-populated\">\n\t\t\t\t\t\t<div class=\"elementor-element elementor-element-1f3891b elementor-widget elementor-widget-text-editor\" data-id=\"1f3891b\" data-element_type=\"widget\" data-e-type=\"widget\" data-widget_type=\"text-editor.default\">\n\t\t\t\t<div class=\"elementor-widget-container\">\n\t\t\t\t\t\t\t\t\t<p>Avant de lancer The Charcoal Project en 2009, Kim a pass\u00e9 deux d\u00e9cennies en tant que journaliste de t\u00e9l\u00e9vision \u00e0 documenter l&#039;actualit\u00e9 internationale et l&#039;intersection entre la population et l&#039;environnement. Aujourd&#039;hui, Kim est directrice de l&#039;impact strat\u00e9gique pour <a href=\"https:\/\/rainforestfoundation.org\">Rainforest Foundation \u00c9tats-Unis<\/a>, o\u00f9 il travaille \u00e0 acc\u00e9l\u00e9rer le travail et l&#039;influence de l&#039;organisation pour autonomiser les peuples autochtones et leur permettre de prot\u00e9ger les for\u00eats tropicales. Avant cela, Kim a pass\u00e9 sept ans en tant que directeur de Virunga Fund Inc, une organisation \u00e0 but non lucratif bas\u00e9e aux \u00c9tats-Unis qui existe pour prot\u00e9ger la zone prot\u00e9g\u00e9e la plus ancienne et la plus biologiquement diversifi\u00e9e d&#039;Afrique, le parc national des Virunga dans l&#039;est de la R\u00e9publique d\u00e9mocratique du Congo. La production ill\u00e9gale de charbon de bois dans et autour du parc est une industrie de $40M\/an qui aide \u00e0 financer des groupes arm\u00e9s irr\u00e9guliers qui ont co\u00fbt\u00e9 la vie \u00e0 quelque 175 gardes du parc au cours des 15 derni\u00e8res ann\u00e9es.<\/p><p>En 2004, Kim a rejoint The Nature Conservancy \u00e0 New York o\u00f9 il a dirig\u00e9 l&#039;unit\u00e9 de marketing strat\u00e9gique et de communication de l&#039;organisation. Au Conservancy, il a dirig\u00e9 un groupe de travail ax\u00e9 sur l&#039;int\u00e9gration du changement climatique, de la science de la conservation et des politiques publiques.<\/p><p><span style=\"font-weight: 400;\">Kim est titulaire d&#039;un baccalaur\u00e9at en biologie et est dipl\u00f4m\u00e9e de la Graduate School of Journalism de l&#039;Universit\u00e9 de Columbia. Il vit \u00e0 Brooklyn, NY, avec sa famille.<\/span><\/p>\t\t\t\t\t\t\t\t<\/div>\n\t\t\t\t<\/div>\n\t\t\t\t\t<\/div>\n\t\t<\/div>\n\t\t\t\t\t<\/div>\n\t\t<\/section>\n\t\t\t\t<\/div>","protected":false},"excerpt":{"rendered":"<p>Jean Kim Chaix, Director and Board President Jean Kim Chaix Founder, Director and Board President Before launching The Charcoal Project in 2009, Kim spent two decades as a television reporter documenting international current events and the intersection between population and the environment. Today, Kim is Director of Strategic Impact for Rainforest Foundation US, where he [&hellip;]<\/p>\n","protected":false},"author":1,"featured_media":0,"parent":0,"menu_order":0,"comment_status":"closed","ping_status":"closed","template":"elementor_header_footer","meta":{"_acf_changed":false,"give_campaign_id":0,"site-sidebar-layout":"no-sidebar","site-content-layout":"page-builder","ast-site-content-layout":"default","site-content-style":"default","site-sidebar-style":"default","ast-global-header-display":"","ast-banner-title-visibility":"","ast-main-header-display":"","ast-hfb-above-header-display":"","ast-hfb-below-header-display":"","ast-hfb-mobile-header-display":"","site-post-title":"disabled","ast-breadcrumbs-content":"","ast-featured-img":"disabled","footer-sml-layout":"","ast-disable-related-posts":"","theme-transparent-header-meta":"default","adv-header-id-meta":"","stick-header-meta":"","header-above-stick-meta":"","header-main-stick-meta":"","header-below-stick-meta":"","astra-migrate-meta-layouts":"default","ast-page-background-enabled":"default","ast-page-background-meta":{"desktop":{"background-color":"","background-image":"","background-repeat":"repeat","background-position":"center center","background-size":"auto","background-attachment":"scroll","background-type":"","background-media":"","overlay-type":"","overlay-color":"","overlay-opacity":"","overlay-gradient":""},"tablet":{"background-color":"","background-image":"","background-repeat":"repeat","background-position":"center center","background-size":"auto","background-attachment":"scroll","background-type":"","background-media":"","overlay-type":"","overlay-color":"","overlay-opacity":"","overlay-gradient":""},"mobile":{"background-color":"","background-image":"","background-repeat":"repeat","background-position":"center center","background-size":"auto","background-attachment":"scroll","background-type":"","background-media":"","overlay-type":"","overlay-color":"","overlay-opacity":"","overlay-gradient":""}},"ast-content-background-meta":{"desktop":{"background-color":"var(--ast-global-color-5)","background-image":"","background-repeat":"repeat","background-position":"center center","background-size":"auto","background-attachment":"scroll","background-type":"","background-media":"","overlay-type":"","overlay-color":"","overlay-opacity":"","overlay-gradient":""},"tablet":{"background-color":"var(--ast-global-color-5)","background-image":"","background-repeat":"repeat","background-position":"center center","background-size":"auto","background-attachment":"scroll","background-type":"","background-media":"","overlay-type":"","overlay-color":"","overlay-opacity":"","overlay-gradient":""},"mobile":{"background-color":"var(--ast-global-color-5)","background-image":"","background-repeat":"repeat","background-position":"center center","background-size":"auto","background-attachment":"scroll","background-type":"","background-media":"","overlay-type":"","overlay-color":"","overlay-opacity":"","overlay-gradient":""}},"footnotes":""},"class_list":["post-1703","page","type-page","status-publish","hentry"],"acf":[],"yoast_head":"<!-- This site is optimized with the Yoast SEO plugin v27.4 - https:\/\/yoast.com\/product\/yoast-seo-wordpress\/ -->\n<title>Jean Kim Chaix - The Charcoal Project<\/title>\n<meta name=\"description\" content=\"Kim Chaix spent two decades as a television reporter documenting international current events and the intersection between population and the environment.\" \/>\n<meta name=\"robots\" content=\"index, follow, max-snippet:-1, max-image-preview:large, max-video-preview:-1\" \/>\n<link rel=\"canonical\" href=\"https:\/\/www.charcoalproject.org\/fr\/jean-kim\/\" \/>\n<meta property=\"og:locale\" content=\"fr_FR\" \/>\n<meta property=\"og:type\" content=\"article\" \/>\n<meta property=\"og:title\" content=\"Jean Kim Chaix - The Charcoal Project\" \/>\n<meta property=\"og:description\" content=\"Kim Chaix spent two decades as a television reporter documenting international current events and the intersection between population and the environment.\" \/>\n<meta property=\"og:url\" content=\"https:\/\/www.charcoalproject.org\/fr\/jean-kim\/\" \/>\n<meta property=\"og:site_name\" content=\"The Charcoal Project\" \/>\n<meta property=\"article:publisher\" content=\"https:\/\/www.facebook.com\/TheCharcoalProject\/\" \/>\n<meta property=\"article:modified_time\" content=\"2020-07-23T18:25:13+00:00\" \/>\n<meta property=\"og:image\" content=\"https:\/\/charcoalproject.org\/wp-content\/uploads\/2020\/06\/Jean-Kim-Chaix-1.jpg\" \/>\n<meta name=\"twitter:card\" content=\"summary_large_image\" \/>\n<meta name=\"twitter:site\" content=\"@charcoalproject\" \/>\n<meta name=\"twitter:label1\" content=\"Dur\u00e9e de lecture estim\u00e9e\" \/>\n\t<meta name=\"twitter:data1\" content=\"1 minute\" \/>\n<script type=\"application\/ld+json\" class=\"yoast-schema-graph\">{\"@context\":\"https:\\\/\\\/schema.org\",\"@graph\":[{\"@type\":\"WebPage\",\"@id\":\"https:\\\/\\\/www.charcoalproject.org\\\/jean-kim\\\/\",\"url\":\"https:\\\/\\\/www.charcoalproject.org\\\/jean-kim\\\/\",\"name\":\"Jean Kim Chaix - The Charcoal Project\",\"isPartOf\":{\"@id\":\"https:\\\/\\\/www.charcoalproject.org\\\/#website\"},\"primaryImageOfPage\":{\"@id\":\"https:\\\/\\\/www.charcoalproject.org\\\/jean-kim\\\/#primaryimage\"},\"image\":{\"@id\":\"https:\\\/\\\/www.charcoalproject.org\\\/jean-kim\\\/#primaryimage\"},\"thumbnailUrl\":\"https:\\\/\\\/charcoalproject.org\\\/wp-content\\\/uploads\\\/2020\\\/06\\\/Jean-Kim-Chaix-1.jpg\",\"datePublished\":\"2020-06-30T08:27:58+00:00\",\"dateModified\":\"2020-07-23T18:25:13+00:00\",\"description\":\"Kim Chaix spent two decades as a television reporter documenting international current events and the intersection between population and the environment.\",\"breadcrumb\":{\"@id\":\"https:\\\/\\\/www.charcoalproject.org\\\/jean-kim\\\/#breadcrumb\"},\"inLanguage\":\"fr-FR\",\"potentialAction\":[{\"@type\":\"ReadAction\",\"target\":[\"https:\\\/\\\/www.charcoalproject.org\\\/jean-kim\\\/\"]}]},{\"@type\":\"ImageObject\",\"inLanguage\":\"fr-FR\",\"@id\":\"https:\\\/\\\/www.charcoalproject.org\\\/jean-kim\\\/#primaryimage\",\"url\":\"https:\\\/\\\/charcoalproject.org\\\/wp-content\\\/uploads\\\/2020\\\/06\\\/Jean-Kim-Chaix-1.jpg\",\"contentUrl\":\"https:\\\/\\\/charcoalproject.org\\\/wp-content\\\/uploads\\\/2020\\\/06\\\/Jean-Kim-Chaix-1.jpg\"},{\"@type\":\"BreadcrumbList\",\"@id\":\"https:\\\/\\\/www.charcoalproject.org\\\/jean-kim\\\/#breadcrumb\",\"itemListElement\":[{\"@type\":\"ListItem\",\"position\":1,\"name\":\"Home\",\"item\":\"https:\\\/\\\/www.charcoalproject.org\\\/\"},{\"@type\":\"ListItem\",\"position\":2,\"name\":\"Jean Kim Chaix\"}]},{\"@type\":\"WebSite\",\"@id\":\"https:\\\/\\\/www.charcoalproject.org\\\/#website\",\"url\":\"https:\\\/\\\/www.charcoalproject.org\\\/\",\"name\":\"The Charcoal Project\",\"description\":\"To promote, facilitate, and advocate for the widespread adoption of clean burning technologies\",\"publisher\":{\"@id\":\"https:\\\/\\\/www.charcoalproject.org\\\/#organization\"},\"potentialAction\":[{\"@type\":\"SearchAction\",\"target\":{\"@type\":\"EntryPoint\",\"urlTemplate\":\"https:\\\/\\\/www.charcoalproject.org\\\/?s={search_term_string}\"},\"query-input\":{\"@type\":\"PropertyValueSpecification\",\"valueRequired\":true,\"valueName\":\"search_term_string\"}}],\"inLanguage\":\"fr-FR\"},{\"@type\":\"Organization\",\"@id\":\"https:\\\/\\\/www.charcoalproject.org\\\/#organization\",\"name\":\"The Charcoal Project\",\"url\":\"https:\\\/\\\/www.charcoalproject.org\\\/\",\"logo\":{\"@type\":\"ImageObject\",\"inLanguage\":\"fr-FR\",\"@id\":\"https:\\\/\\\/www.charcoalproject.org\\\/#\\\/schema\\\/logo\\\/image\\\/\",\"url\":\"https:\\\/\\\/www.charcoalproject.org\\\/wp-content\\\/uploads\\\/2024\\\/10\\\/char_Sq.jpg\",\"contentUrl\":\"https:\\\/\\\/www.charcoalproject.org\\\/wp-content\\\/uploads\\\/2024\\\/10\\\/char_Sq.jpg\",\"width\":700,\"height\":700,\"caption\":\"The Charcoal Project\"},\"image\":{\"@id\":\"https:\\\/\\\/www.charcoalproject.org\\\/#\\\/schema\\\/logo\\\/image\\\/\"},\"sameAs\":[\"https:\\\/\\\/www.facebook.com\\\/TheCharcoalProject\\\/\",\"https:\\\/\\\/x.com\\\/charcoalproject\"]}]}<\/script>\n<!-- \/ Yoast SEO plugin. -->","yoast_head_json":{"title":"Jean Kim Chaix - Le Projet Charbon","description":"Kim Chaix a pass\u00e9 deux d\u00e9cennies en tant que journaliste de t\u00e9l\u00e9vision, documentant l\u2019actualit\u00e9 internationale et l\u2019intersection entre la population et l\u2019environnement.","robots":{"index":"index","follow":"follow","max-snippet":"max-snippet:-1","max-image-preview":"max-image-preview:large","max-video-preview":"max-video-preview:-1"},"canonical":"https:\/\/www.charcoalproject.org\/fr\/jean-kim\/","og_locale":"fr_FR","og_type":"article","og_title":"Jean Kim Chaix - The Charcoal Project","og_description":"Kim Chaix spent two decades as a television reporter documenting international current events and the intersection between population and the environment.","og_url":"https:\/\/www.charcoalproject.org\/fr\/jean-kim\/","og_site_name":"The Charcoal Project","article_publisher":"https:\/\/www.facebook.com\/TheCharcoalProject\/","article_modified_time":"2020-07-23T18:25:13+00:00","og_image":[{"url":"https:\/\/charcoalproject.org\/wp-content\/uploads\/2020\/06\/Jean-Kim-Chaix-1.jpg","type":"","width":"","height":""}],"twitter_card":"summary_large_image","twitter_site":"@charcoalproject","twitter_misc":{"Dur\u00e9e de lecture estim\u00e9e":"1 minute"},"schema":{"@context":"https:\/\/schema.org","@graph":[{"@type":"WebPage","@id":"https:\/\/www.charcoalproject.org\/jean-kim\/","url":"https:\/\/www.charcoalproject.org\/jean-kim\/","name":"Jean Kim Chaix - Le Projet Charbon","isPartOf":{"@id":"https:\/\/www.charcoalproject.org\/#website"},"primaryImageOfPage":{"@id":"https:\/\/www.charcoalproject.org\/jean-kim\/#primaryimage"},"image":{"@id":"https:\/\/www.charcoalproject.org\/jean-kim\/#primaryimage"},"thumbnailUrl":"https:\/\/charcoalproject.org\/wp-content\/uploads\/2020\/06\/Jean-Kim-Chaix-1.jpg","datePublished":"2020-06-30T08:27:58+00:00","dateModified":"2020-07-23T18:25:13+00:00","description":"Kim Chaix a pass\u00e9 deux d\u00e9cennies en tant que journaliste de t\u00e9l\u00e9vision, documentant l\u2019actualit\u00e9 internationale et l\u2019intersection entre la population et l\u2019environnement.","breadcrumb":{"@id":"https:\/\/www.charcoalproject.org\/jean-kim\/#breadcrumb"},"inLanguage":"fr-FR","potentialAction":[{"@type":"ReadAction","target":["https:\/\/www.charcoalproject.org\/jean-kim\/"]}]},{"@type":"ImageObject","inLanguage":"fr-FR","@id":"https:\/\/www.charcoalproject.org\/jean-kim\/#primaryimage","url":"https:\/\/charcoalproject.org\/wp-content\/uploads\/2020\/06\/Jean-Kim-Chaix-1.jpg","contentUrl":"https:\/\/charcoalproject.org\/wp-content\/uploads\/2020\/06\/Jean-Kim-Chaix-1.jpg"},{"@type":"BreadcrumbList","@id":"https:\/\/www.charcoalproject.org\/jean-kim\/#breadcrumb","itemListElement":[{"@type":"ListItem","position":1,"name":"Home","item":"https:\/\/www.charcoalproject.org\/"},{"@type":"ListItem","position":2,"name":"Jean Kim Chaix"}]},{"@type":"WebSite","@id":"https:\/\/www.charcoalproject.org\/#website","url":"https:\/\/www.charcoalproject.org\/","name":"Le projet de charbon de bois","description":"Promouvoir, faciliter et plaider en faveur de l\u2019adoption g\u00e9n\u00e9ralis\u00e9e de technologies de combustion propre","publisher":{"@id":"https:\/\/www.charcoalproject.org\/#organization"},"potentialAction":[{"@type":"SearchAction","target":{"@type":"EntryPoint","urlTemplate":"https:\/\/www.charcoalproject.org\/?s={search_term_string}"},"query-input":{"@type":"PropertyValueSpecification","valueRequired":true,"valueName":"search_term_string"}}],"inLanguage":"fr-FR"},{"@type":"Organization","@id":"https:\/\/www.charcoalproject.org\/#organization","name":"Le projet de charbon de bois","url":"https:\/\/www.charcoalproject.org\/","logo":{"@type":"ImageObject","inLanguage":"fr-FR","@id":"https:\/\/www.charcoalproject.org\/#\/schema\/logo\/image\/","url":"https:\/\/www.charcoalproject.org\/wp-content\/uploads\/2024\/10\/char_Sq.jpg","contentUrl":"https:\/\/www.charcoalproject.org\/wp-content\/uploads\/2024\/10\/char_Sq.jpg","width":700,"height":700,"caption":"The Charcoal Project"},"image":{"@id":"https:\/\/www.charcoalproject.org\/#\/schema\/logo\/image\/"},"sameAs":["https:\/\/www.facebook.com\/TheCharcoalProject\/","https:\/\/x.com\/charcoalproject"]}]}},"campaignId":"","_links":{"self":[{"href":"https:\/\/www.charcoalproject.org\/fr\/wp-json\/wp\/v2\/pages\/1703","targetHints":{"allow":["GET"]}}],"collection":[{"href":"https:\/\/www.charcoalproject.org\/fr\/wp-json\/wp\/v2\/pages"}],"about":[{"href":"https:\/\/www.charcoalproject.org\/fr\/wp-json\/wp\/v2\/types\/page"}],"author":[{"embeddable":true,"href":"https:\/\/www.charcoalproject.org\/fr\/wp-json\/wp\/v2\/users\/1"}],"replies":[{"embeddable":true,"href":"https:\/\/www.charcoalproject.org\/fr\/wp-json\/wp\/v2\/comments?post=1703"}],"version-history":[{"count":0,"href":"https:\/\/www.charcoalproject.org\/fr\/wp-json\/wp\/v2\/pages\/1703\/revisions"}],"wp:attachment":[{"href":"https:\/\/www.charcoalproject.org\/fr\/wp-json\/wp\/v2\/media?parent=1703"}],"curies":[{"name":"wp","href":"https:\/\/api.w.org\/{rel}","templated":true}]}}