{"id":1367,"date":"2020-05-28T02:53:36","date_gmt":"2020-05-28T02:53:36","guid":{"rendered":"https:\/\/charcoalproject.org\/about-hfi\/"},"modified":"2020-10-31T23:27:45","modified_gmt":"2020-10-31T23:27:45","slug":"about-hfi","status":"publish","type":"page","link":"https:\/\/www.charcoalproject.org\/fr\/about-hfi\/","title":{"rendered":"\u00c0 propos de HFI"},"content":{"rendered":"<div data-elementor-type=\"wp-page\" data-elementor-id=\"1367\" class=\"elementor elementor-1367\" data-elementor-post-type=\"page\">\n\t\t\t\t\t\t<section class=\"elementor-section elementor-top-section elementor-element elementor-element-3f6aacc elementor-section-stretched elementor-section-boxed elementor-section-height-default elementor-section-height-default\" data-id=\"3f6aacc\" data-element_type=\"section\" data-e-type=\"section\" data-settings=\"{&quot;stretch_section&quot;:&quot;section-stretched&quot;,&quot;background_background&quot;:&quot;classic&quot;}\">\n\t\t\t\t\t\t\t<div class=\"elementor-background-overlay\"><\/div>\n\t\t\t\t\t\t\t<div class=\"elementor-container elementor-column-gap-no\">\n\t\t\t\t\t<div class=\"elementor-column elementor-col-100 elementor-top-column elementor-element elementor-element-341dd218\" data-id=\"341dd218\" data-element_type=\"column\" data-e-type=\"column\">\n\t\t\t<div class=\"elementor-widget-wrap elementor-element-populated\">\n\t\t\t\t\t\t<div class=\"elementor-element elementor-element-5ef9a2be elementor-widget elementor-widget-heading\" data-id=\"5ef9a2be\" data-element_type=\"widget\" data-e-type=\"widget\" data-widget_type=\"heading.default\">\n\t\t\t\t<div class=\"elementor-widget-container\">\n\t\t\t\t\t<h2 class=\"elementor-heading-title elementor-size-xxl\">\u00c0 propos de l&#039;initiative Harvest Fuel<\/h2>\t\t\t\t<\/div>\n\t\t\t\t<\/div>\n\t\t\t\t\t<\/div>\n\t\t<\/div>\n\t\t\t\t\t<\/div>\n\t\t<\/section>\n\t\t\t\t<section class=\"elementor-section elementor-top-section elementor-element elementor-element-a110a65 elementor-section-boxed elementor-section-height-default elementor-section-height-default\" data-id=\"a110a65\" data-element_type=\"section\" data-e-type=\"section\">\n\t\t\t\t\t\t<div class=\"elementor-container elementor-column-gap-default\">\n\t\t\t\t\t<div class=\"elementor-column elementor-col-100 elementor-top-column elementor-element elementor-element-bc63523\" data-id=\"bc63523\" data-element_type=\"column\" data-e-type=\"column\">\n\t\t\t<div class=\"elementor-widget-wrap elementor-element-populated\">\n\t\t\t\t\t\t<div class=\"elementor-element elementor-element-14ed541 elementor-widget elementor-widget-text-editor\" data-id=\"14ed541\" data-element_type=\"widget\" data-e-type=\"widget\" data-widget_type=\"text-editor.default\">\n\t\t\t\t<div class=\"elementor-widget-container\">\n\t\t\t\t\t\t\t\t\t<p><img fetchpriority=\"high\" decoding=\"async\" class=\"aligncenter size-full wp-image-2054\" src=\"https:\/\/charcoalproject.org\/wp-content\/uploads\/2020\/07\/Screen-Shot-2020-07-02-at-4.30.15-PM.png\" alt=\"harvest fuel\" width=\"293\" height=\"192\" \/><br \/><br \/><span style=\"font-weight: 400;\">La Harvest Fuel Initiative (HFI) est une collaboration entre The Charcoal Project et <a href=\"http:\/\/d-lab.mit.edu\">MIT D-Lab<\/a> pour aider \u00e0 d\u00e9velopper les petits et moyens producteurs de briquettes de charbon de bois en Afrique de l&#039;Est. Les objectifs de HFI sont les suivants :<\/span><\/p><ul><li style=\"font-weight: 400;\"><span style=\"font-weight: 400;\">Accro\u00eetre les comp\u00e9tences commerciales et techniques des entreprises participantes pour atteindre une \u00e9chelle de production et de distribution.<\/span><\/li><li style=\"font-weight: 400;\"><span style=\"font-weight: 400;\">Accro\u00eetre l&#039;acc\u00e8s \u00e0 l&#039;\u00e9nergie pour les consommateurs \u00e0 revenu faible et moyen.<\/span><\/li><li style=\"font-weight: 400;\"><span style=\"font-weight: 400;\">Accro\u00eetre les opportunit\u00e9s de g\u00e9n\u00e9ration de revenus tout au long de la cha\u00eene d&#039;approvisionnement, des fournisseurs de mati\u00e8res premi\u00e8res aux d\u00e9taillants.<\/span><\/li><li style=\"font-weight: 400;\"><span style=\"font-weight: 400;\">Accro\u00eetre la participation des femmes dans les entreprises de fabrication de briquettes en tant que propri\u00e9taires\/exploitantes et employ\u00e9es.<\/span><\/li><li style=\"font-weight: 400;\"><span style=\"font-weight: 400;\">\u00c9tablir une communaut\u00e9 de pratique pour les entreprises de briquettes afin de tirer parti de leurs connaissances collectives.<\/span><\/li><li style=\"font-weight: 400;\"><span style=\"font-weight: 400;\">Avoir un impact positif sur l&#039;environnement en rempla\u00e7ant l&#039;utilisation de charbon de bois non durable.<\/span><\/li><\/ul>\t\t\t\t\t\t\t\t<\/div>\n\t\t\t\t<\/div>\n\t\t\t\t<div class=\"elementor-element elementor-element-285bd6b elementor-widget elementor-widget-heading\" data-id=\"285bd6b\" data-element_type=\"widget\" data-e-type=\"widget\" data-widget_type=\"heading.default\">\n\t\t\t\t<div class=\"elementor-widget-container\">\n\t\t\t\t\t<h2 class=\"elementor-heading-title elementor-size-default\">HFI Kenya<\/h2>\t\t\t\t<\/div>\n\t\t\t\t<\/div>\n\t\t\t\t<div class=\"elementor-element elementor-element-f20b54e elementor-widget elementor-widget-text-editor\" data-id=\"f20b54e\" data-element_type=\"widget\" data-e-type=\"widget\" data-widget_type=\"text-editor.default\">\n\t\t\t\t<div class=\"elementor-widget-container\">\n\t\t\t\t\t\t\t\t\t<p><span style=\"font-weight: 400;\">En 2020, le programme HFI se concentrera sur une cohorte au Kenya de 20 petites et moyennes entreprises. <\/span><span style=\"font-weight: 400;\">Le soutien \u00e0 ce programme a \u00e9t\u00e9 fourni par le <\/span><a href=\"http:\/\/MEDa.org\"><b>Association mennonite de d\u00e9veloppement<\/b><span style=\"font-weight: 400;\"> (<\/span><b>MEDA) <\/b><\/a><span style=\"font-weight: 400;\">Prosp\u00e9rit\u00e9 \u00e9quitable gr\u00e2ce au d\u00e9veloppement du secteur priv\u00e9 ou projet Maendeleo Sawa (M-SAWA) financ\u00e9 par <\/span><b>Affaires mondiales Canada<\/b><span style=\"font-weight: 400;\">. <\/span><\/p><p><b>M-SAWA<\/b><span style=\"font-weight: 400;\"> vise \u00e0 contribuer \u00e0 la croissance \u00e9conomique du Kenya et \u00e0 accro\u00eetre la cr\u00e9ation d&#039;emplois en am\u00e9liorant les performances commerciales, environnementales et de genre des petites et moyennes entreprises (PME) et des petits entrepreneurs (PE) dans les comt\u00e9s et secteurs cibl\u00e9s. Vous trouverez plus d&#039;informations sur les entreprises participant au programme dans <\/span><span style=\"font-weight: 400;\"><a href=\"\/fr\/entrepreneurs\/\">Rencontrez les entrepreneurs<\/a>.<\/span><\/p>\t\t\t\t\t\t\t\t<\/div>\n\t\t\t\t<\/div>\n\t\t\t\t\t<\/div>\n\t\t<\/div>\n\t\t\t\t\t<\/div>\n\t\t<\/section>\n\t\t\t\t<\/div>","protected":false},"excerpt":{"rendered":"<p>About Harvest Fuel Initiative The Harvest Fuel Initiative (HFI) is a joint collaboration between The Charcoal Project and MIT D-Lab to help scale small and medium sized charcoal briquette producers in East Africa.\u00a0 HFI\u2019s objectives are as follows: Increase business and technical skills of participating enterprises to achieve scale in production and distribution. Increase energy [&hellip;]<\/p>\n","protected":false},"author":1,"featured_media":0,"parent":0,"menu_order":0,"comment_status":"closed","ping_status":"closed","template":"elementor_header_footer","meta":{"_acf_changed":false,"give_campaign_id":0,"site-sidebar-layout":"no-sidebar","site-content-layout":"page-builder","ast-site-content-layout":"default","site-content-style":"default","site-sidebar-style":"default","ast-global-header-display":"","ast-banner-title-visibility":"","ast-main-header-display":"","ast-hfb-above-header-display":"","ast-hfb-below-header-display":"","ast-hfb-mobile-header-display":"","site-post-title":"disabled","ast-breadcrumbs-content":"","ast-featured-img":"disabled","footer-sml-layout":"","ast-disable-related-posts":"","theme-transparent-header-meta":"default","adv-header-id-meta":"","stick-header-meta":"","header-above-stick-meta":"","header-main-stick-meta":"","header-below-stick-meta":"","astra-migrate-meta-layouts":"default","ast-page-background-enabled":"default","ast-page-background-meta":{"desktop":{"background-color":"","background-image":"","background-repeat":"repeat","background-position":"center center","background-size":"auto","background-attachment":"scroll","background-type":"","background-media":"","overlay-type":"","overlay-color":"","overlay-opacity":"","overlay-gradient":""},"tablet":{"background-color":"","background-image":"","background-repeat":"repeat","background-position":"center center","background-size":"auto","background-attachment":"scroll","background-type":"","background-media":"","overlay-type":"","overlay-color":"","overlay-opacity":"","overlay-gradient":""},"mobile":{"background-color":"","background-image":"","background-repeat":"repeat","background-position":"center center","background-size":"auto","background-attachment":"scroll","background-type":"","background-media":"","overlay-type":"","overlay-color":"","overlay-opacity":"","overlay-gradient":""}},"ast-content-background-meta":{"desktop":{"background-color":"var(--ast-global-color-5)","background-image":"","background-repeat":"repeat","background-position":"center center","background-size":"auto","background-attachment":"scroll","background-type":"","background-media":"","overlay-type":"","overlay-color":"","overlay-opacity":"","overlay-gradient":""},"tablet":{"background-color":"var(--ast-global-color-5)","background-image":"","background-repeat":"repeat","background-position":"center center","background-size":"auto","background-attachment":"scroll","background-type":"","background-media":"","overlay-type":"","overlay-color":"","overlay-opacity":"","overlay-gradient":""},"mobile":{"background-color":"var(--ast-global-color-5)","background-image":"","background-repeat":"repeat","background-position":"center center","background-size":"auto","background-attachment":"scroll","background-type":"","background-media":"","overlay-type":"","overlay-color":"","overlay-opacity":"","overlay-gradient":""}},"footnotes":""},"class_list":["post-1367","page","type-page","status-publish","hentry"],"acf":[],"yoast_head":"<!-- This site is optimized with the Yoast SEO plugin v27.4 - https:\/\/yoast.com\/product\/yoast-seo-wordpress\/ -->\n<title>About HFI - The Charcoal Project<\/title>\n<meta name=\"description\" content=\"HFI is a joint collaboration between The Charcoal Project and MIT D-Lab to help scale small and medium sized charcoal briquette producers in East Africa.\" \/>\n<meta name=\"robots\" content=\"index, follow, max-snippet:-1, max-image-preview:large, max-video-preview:-1\" \/>\n<link rel=\"canonical\" href=\"https:\/\/www.charcoalproject.org\/fr\/about-hfi\/\" \/>\n<meta property=\"og:locale\" content=\"fr_FR\" \/>\n<meta property=\"og:type\" content=\"article\" \/>\n<meta property=\"og:title\" content=\"About HFI - The Charcoal Project\" \/>\n<meta property=\"og:description\" content=\"HFI is a joint collaboration between The Charcoal Project and MIT D-Lab to help scale small and medium sized charcoal briquette producers in East Africa.\" \/>\n<meta property=\"og:url\" content=\"https:\/\/www.charcoalproject.org\/fr\/about-hfi\/\" \/>\n<meta property=\"og:site_name\" content=\"The Charcoal Project\" \/>\n<meta property=\"article:publisher\" content=\"https:\/\/www.facebook.com\/TheCharcoalProject\/\" \/>\n<meta property=\"article:modified_time\" content=\"2020-10-31T23:27:45+00:00\" \/>\n<meta property=\"og:image\" content=\"https:\/\/charcoalproject.org\/wp-content\/uploads\/2020\/07\/Screen-Shot-2020-07-02-at-4.30.15-PM.png\" \/>\n<meta name=\"twitter:card\" content=\"summary_large_image\" \/>\n<meta name=\"twitter:site\" content=\"@charcoalproject\" \/>\n<meta name=\"twitter:label1\" content=\"Dur\u00e9e de lecture estim\u00e9e\" \/>\n\t<meta name=\"twitter:data1\" content=\"1 minute\" \/>\n<script type=\"application\/ld+json\" class=\"yoast-schema-graph\">{\"@context\":\"https:\\\/\\\/schema.org\",\"@graph\":[{\"@type\":\"WebPage\",\"@id\":\"https:\\\/\\\/www.charcoalproject.org\\\/about-hfi\\\/\",\"url\":\"https:\\\/\\\/www.charcoalproject.org\\\/about-hfi\\\/\",\"name\":\"About HFI - The Charcoal Project\",\"isPartOf\":{\"@id\":\"https:\\\/\\\/www.charcoalproject.org\\\/#website\"},\"primaryImageOfPage\":{\"@id\":\"https:\\\/\\\/www.charcoalproject.org\\\/about-hfi\\\/#primaryimage\"},\"image\":{\"@id\":\"https:\\\/\\\/www.charcoalproject.org\\\/about-hfi\\\/#primaryimage\"},\"thumbnailUrl\":\"https:\\\/\\\/charcoalproject.org\\\/wp-content\\\/uploads\\\/2020\\\/07\\\/Screen-Shot-2020-07-02-at-4.30.15-PM.png\",\"datePublished\":\"2020-05-28T02:53:36+00:00\",\"dateModified\":\"2020-10-31T23:27:45+00:00\",\"description\":\"HFI is a joint collaboration between The Charcoal Project and MIT D-Lab to help scale small and medium sized charcoal briquette producers in East Africa.\",\"breadcrumb\":{\"@id\":\"https:\\\/\\\/www.charcoalproject.org\\\/about-hfi\\\/#breadcrumb\"},\"inLanguage\":\"fr-FR\",\"potentialAction\":[{\"@type\":\"ReadAction\",\"target\":[\"https:\\\/\\\/www.charcoalproject.org\\\/about-hfi\\\/\"]}]},{\"@type\":\"ImageObject\",\"inLanguage\":\"fr-FR\",\"@id\":\"https:\\\/\\\/www.charcoalproject.org\\\/about-hfi\\\/#primaryimage\",\"url\":\"https:\\\/\\\/charcoalproject.org\\\/wp-content\\\/uploads\\\/2020\\\/07\\\/Screen-Shot-2020-07-02-at-4.30.15-PM.png\",\"contentUrl\":\"https:\\\/\\\/charcoalproject.org\\\/wp-content\\\/uploads\\\/2020\\\/07\\\/Screen-Shot-2020-07-02-at-4.30.15-PM.png\"},{\"@type\":\"BreadcrumbList\",\"@id\":\"https:\\\/\\\/www.charcoalproject.org\\\/about-hfi\\\/#breadcrumb\",\"itemListElement\":[{\"@type\":\"ListItem\",\"position\":1,\"name\":\"Home\",\"item\":\"https:\\\/\\\/www.charcoalproject.org\\\/\"},{\"@type\":\"ListItem\",\"position\":2,\"name\":\"About HFI\"}]},{\"@type\":\"WebSite\",\"@id\":\"https:\\\/\\\/www.charcoalproject.org\\\/#website\",\"url\":\"https:\\\/\\\/www.charcoalproject.org\\\/\",\"name\":\"The Charcoal Project\",\"description\":\"To promote, facilitate, and advocate for the widespread adoption of clean burning technologies\",\"publisher\":{\"@id\":\"https:\\\/\\\/www.charcoalproject.org\\\/#organization\"},\"potentialAction\":[{\"@type\":\"SearchAction\",\"target\":{\"@type\":\"EntryPoint\",\"urlTemplate\":\"https:\\\/\\\/www.charcoalproject.org\\\/?s={search_term_string}\"},\"query-input\":{\"@type\":\"PropertyValueSpecification\",\"valueRequired\":true,\"valueName\":\"search_term_string\"}}],\"inLanguage\":\"fr-FR\"},{\"@type\":\"Organization\",\"@id\":\"https:\\\/\\\/www.charcoalproject.org\\\/#organization\",\"name\":\"The Charcoal Project\",\"url\":\"https:\\\/\\\/www.charcoalproject.org\\\/\",\"logo\":{\"@type\":\"ImageObject\",\"inLanguage\":\"fr-FR\",\"@id\":\"https:\\\/\\\/www.charcoalproject.org\\\/#\\\/schema\\\/logo\\\/image\\\/\",\"url\":\"https:\\\/\\\/www.charcoalproject.org\\\/wp-content\\\/uploads\\\/2024\\\/10\\\/char_Sq.jpg\",\"contentUrl\":\"https:\\\/\\\/www.charcoalproject.org\\\/wp-content\\\/uploads\\\/2024\\\/10\\\/char_Sq.jpg\",\"width\":700,\"height\":700,\"caption\":\"The Charcoal Project\"},\"image\":{\"@id\":\"https:\\\/\\\/www.charcoalproject.org\\\/#\\\/schema\\\/logo\\\/image\\\/\"},\"sameAs\":[\"https:\\\/\\\/www.facebook.com\\\/TheCharcoalProject\\\/\",\"https:\\\/\\\/x.com\\\/charcoalproject\"]}]}<\/script>\n<!-- \/ Yoast SEO plugin. -->","yoast_head_json":{"title":"\u00c0 propos de HFI - Le Projet Charbon","description":"HFI est une collaboration conjointe entre The Charcoal Project et MIT D-Lab pour aider les petits et moyens producteurs de briquettes de charbon de bois en Afrique de l&#039;Est.","robots":{"index":"index","follow":"follow","max-snippet":"max-snippet:-1","max-image-preview":"max-image-preview:large","max-video-preview":"max-video-preview:-1"},"canonical":"https:\/\/www.charcoalproject.org\/fr\/about-hfi\/","og_locale":"fr_FR","og_type":"article","og_title":"About HFI - The Charcoal Project","og_description":"HFI is a joint collaboration between The Charcoal Project and MIT D-Lab to help scale small and medium sized charcoal briquette producers in East Africa.","og_url":"https:\/\/www.charcoalproject.org\/fr\/about-hfi\/","og_site_name":"The Charcoal Project","article_publisher":"https:\/\/www.facebook.com\/TheCharcoalProject\/","article_modified_time":"2020-10-31T23:27:45+00:00","og_image":[{"url":"https:\/\/charcoalproject.org\/wp-content\/uploads\/2020\/07\/Screen-Shot-2020-07-02-at-4.30.15-PM.png","type":"","width":"","height":""}],"twitter_card":"summary_large_image","twitter_site":"@charcoalproject","twitter_misc":{"Dur\u00e9e de lecture estim\u00e9e":"1 minute"},"schema":{"@context":"https:\/\/schema.org","@graph":[{"@type":"WebPage","@id":"https:\/\/www.charcoalproject.org\/about-hfi\/","url":"https:\/\/www.charcoalproject.org\/about-hfi\/","name":"\u00c0 propos de HFI - Le Projet Charbon","isPartOf":{"@id":"https:\/\/www.charcoalproject.org\/#website"},"primaryImageOfPage":{"@id":"https:\/\/www.charcoalproject.org\/about-hfi\/#primaryimage"},"image":{"@id":"https:\/\/www.charcoalproject.org\/about-hfi\/#primaryimage"},"thumbnailUrl":"https:\/\/charcoalproject.org\/wp-content\/uploads\/2020\/07\/Screen-Shot-2020-07-02-at-4.30.15-PM.png","datePublished":"2020-05-28T02:53:36+00:00","dateModified":"2020-10-31T23:27:45+00:00","description":"HFI est une collaboration conjointe entre The Charcoal Project et MIT D-Lab pour aider les petits et moyens producteurs de briquettes de charbon de bois en Afrique de l&#039;Est.","breadcrumb":{"@id":"https:\/\/www.charcoalproject.org\/about-hfi\/#breadcrumb"},"inLanguage":"fr-FR","potentialAction":[{"@type":"ReadAction","target":["https:\/\/www.charcoalproject.org\/about-hfi\/"]}]},{"@type":"ImageObject","inLanguage":"fr-FR","@id":"https:\/\/www.charcoalproject.org\/about-hfi\/#primaryimage","url":"https:\/\/charcoalproject.org\/wp-content\/uploads\/2020\/07\/Screen-Shot-2020-07-02-at-4.30.15-PM.png","contentUrl":"https:\/\/charcoalproject.org\/wp-content\/uploads\/2020\/07\/Screen-Shot-2020-07-02-at-4.30.15-PM.png"},{"@type":"BreadcrumbList","@id":"https:\/\/www.charcoalproject.org\/about-hfi\/#breadcrumb","itemListElement":[{"@type":"ListItem","position":1,"name":"Home","item":"https:\/\/www.charcoalproject.org\/"},{"@type":"ListItem","position":2,"name":"About HFI"}]},{"@type":"WebSite","@id":"https:\/\/www.charcoalproject.org\/#website","url":"https:\/\/www.charcoalproject.org\/","name":"Le projet de charbon de bois","description":"Promouvoir, faciliter et plaider en faveur de l\u2019adoption g\u00e9n\u00e9ralis\u00e9e de technologies de combustion propre","publisher":{"@id":"https:\/\/www.charcoalproject.org\/#organization"},"potentialAction":[{"@type":"SearchAction","target":{"@type":"EntryPoint","urlTemplate":"https:\/\/www.charcoalproject.org\/?s={search_term_string}"},"query-input":{"@type":"PropertyValueSpecification","valueRequired":true,"valueName":"search_term_string"}}],"inLanguage":"fr-FR"},{"@type":"Organization","@id":"https:\/\/www.charcoalproject.org\/#organization","name":"Le projet de charbon de bois","url":"https:\/\/www.charcoalproject.org\/","logo":{"@type":"ImageObject","inLanguage":"fr-FR","@id":"https:\/\/www.charcoalproject.org\/#\/schema\/logo\/image\/","url":"https:\/\/www.charcoalproject.org\/wp-content\/uploads\/2024\/10\/char_Sq.jpg","contentUrl":"https:\/\/www.charcoalproject.org\/wp-content\/uploads\/2024\/10\/char_Sq.jpg","width":700,"height":700,"caption":"The Charcoal Project"},"image":{"@id":"https:\/\/www.charcoalproject.org\/#\/schema\/logo\/image\/"},"sameAs":["https:\/\/www.facebook.com\/TheCharcoalProject\/","https:\/\/x.com\/charcoalproject"]}]}},"campaignId":"","_links":{"self":[{"href":"https:\/\/www.charcoalproject.org\/fr\/wp-json\/wp\/v2\/pages\/1367","targetHints":{"allow":["GET"]}}],"collection":[{"href":"https:\/\/www.charcoalproject.org\/fr\/wp-json\/wp\/v2\/pages"}],"about":[{"href":"https:\/\/www.charcoalproject.org\/fr\/wp-json\/wp\/v2\/types\/page"}],"author":[{"embeddable":true,"href":"https:\/\/www.charcoalproject.org\/fr\/wp-json\/wp\/v2\/users\/1"}],"replies":[{"embeddable":true,"href":"https:\/\/www.charcoalproject.org\/fr\/wp-json\/wp\/v2\/comments?post=1367"}],"version-history":[{"count":1,"href":"https:\/\/www.charcoalproject.org\/fr\/wp-json\/wp\/v2\/pages\/1367\/revisions"}],"predecessor-version":[{"id":9594,"href":"https:\/\/www.charcoalproject.org\/fr\/wp-json\/wp\/v2\/pages\/1367\/revisions\/9594"}],"wp:attachment":[{"href":"https:\/\/www.charcoalproject.org\/fr\/wp-json\/wp\/v2\/media?parent=1367"}],"curies":[{"name":"wp","href":"https:\/\/api.w.org\/{rel}","templated":true}]}}