{"id":1350,"date":"2020-05-28T01:45:22","date_gmt":"2020-05-28T01:45:22","guid":{"rendered":"https:\/\/charcoalproject.org\/hfi-impact\/"},"modified":"2020-07-24T20:49:04","modified_gmt":"2020-07-24T20:49:04","slug":"hfi-impact","status":"publish","type":"page","link":"https:\/\/www.charcoalproject.org\/fr\/hfi-impact\/","title":{"rendered":"HFI \u2013 Impact"},"content":{"rendered":"<div data-elementor-type=\"wp-page\" data-elementor-id=\"1350\" class=\"elementor elementor-1350\" data-elementor-post-type=\"page\">\n\t\t\t\t\t\t<section class=\"elementor-section elementor-top-section elementor-element elementor-element-44391779 elementor-section-stretched elementor-section-full_width elementor-section-height-default elementor-section-height-default\" data-id=\"44391779\" data-element_type=\"section\" data-e-type=\"section\" data-settings=\"{&quot;stretch_section&quot;:&quot;section-stretched&quot;,&quot;background_background&quot;:&quot;classic&quot;}\">\n\t\t\t\t\t\t\t<div class=\"elementor-background-overlay\"><\/div>\n\t\t\t\t\t\t\t<div class=\"elementor-container elementor-column-gap-default\">\n\t\t\t\t\t<div class=\"elementor-column elementor-col-100 elementor-top-column elementor-element elementor-element-15e78f7c\" data-id=\"15e78f7c\" data-element_type=\"column\" data-e-type=\"column\">\n\t\t\t<div class=\"elementor-widget-wrap elementor-element-populated\">\n\t\t\t\t\t\t<div class=\"elementor-element elementor-element-34ae022f elementor-widget elementor-widget-heading\" data-id=\"34ae022f\" data-element_type=\"widget\" data-e-type=\"widget\" data-widget_type=\"heading.default\">\n\t\t\t\t<div class=\"elementor-widget-container\">\n\t\t\t\t\t<h2 class=\"elementor-heading-title elementor-size-xxl\">Impact IHF<\/h2>\t\t\t\t<\/div>\n\t\t\t\t<\/div>\n\t\t\t\t<div class=\"elementor-element elementor-element-d486919 elementor-widget elementor-widget-text-editor\" data-id=\"d486919\" data-element_type=\"widget\" data-e-type=\"widget\" data-widget_type=\"text-editor.default\">\n\t\t\t\t<div class=\"elementor-widget-container\">\n\t\t\t\t\t\t\t\t\tNous aidons les entrepreneurs \u00e0 avoir des impacts positifs sur l&#039;environnement, l&#039;acc\u00e8s \u00e0 l&#039;\u00e9nergie, la sant\u00e9 et les moyens de subsistance. \t\t\t\t\t\t\t\t<\/div>\n\t\t\t\t<\/div>\n\t\t\t\t\t<\/div>\n\t\t<\/div>\n\t\t\t\t\t<\/div>\n\t\t<\/section>\n\t\t\t\t<section class=\"elementor-section elementor-top-section elementor-element elementor-element-4855c79 elementor-section-boxed elementor-section-height-default elementor-section-height-default\" data-id=\"4855c79\" data-element_type=\"section\" data-e-type=\"section\">\n\t\t\t\t\t\t<div class=\"elementor-container elementor-column-gap-default\">\n\t\t\t\t\t<div class=\"elementor-column elementor-col-50 elementor-top-column elementor-element elementor-element-a73297b\" data-id=\"a73297b\" data-element_type=\"column\" data-e-type=\"column\">\n\t\t\t<div class=\"elementor-widget-wrap elementor-element-populated\">\n\t\t\t\t\t\t<div class=\"elementor-element elementor-element-29a5610 elementor-widget elementor-widget-heading\" data-id=\"29a5610\" data-element_type=\"widget\" data-e-type=\"widget\" data-widget_type=\"heading.default\">\n\t\t\t\t<div class=\"elementor-widget-container\">\n\t\t\t\t\t<h2 class=\"elementor-heading-title elementor-size-default\">Des entrepreneurs qui ont un impact<\/h2>\t\t\t\t<\/div>\n\t\t\t\t<\/div>\n\t\t\t\t<div class=\"elementor-element elementor-element-d1854c7 elementor-widget elementor-widget-text-editor\" data-id=\"d1854c7\" data-element_type=\"widget\" data-e-type=\"widget\" data-widget_type=\"text-editor.default\">\n\t\t\t\t<div class=\"elementor-widget-container\">\n\t\t\t\t\t\t\t\t\t<ul>\n \t<li>Les consommateurs \u00e0 revenu faible ou moyen des zones urbaines ou p\u00e9riurbaines ont acc\u00e8s \u00e0 des options de combustibles durables et \u00e0 faible co\u00fbt dont la qualit\u00e9 est comparable \u00e0 celle du charbon de bois.<\/li>\n \t<li>Les producteurs de briquettes de charbon de bois sont en mesure d&#039;atteindre une \u00e9chelle de production qui peut soutenir leur activit\u00e9.<\/li>\n \t<li>Les entreprises de briquettes am\u00e9liorent leurs comp\u00e9tences en marketing, ce qui se traduit par des r\u00e9seaux de distribution et une acquisition de clients plus efficaces.<\/li>\n \t<li>Les entreprises de briquettes augmentent les activit\u00e9s g\u00e9n\u00e9ratrices de revenus pour les autres acteurs de la cha\u00eene d&#039;approvisionnement en approvisionnant les d\u00e9taillants et en achetant aupr\u00e8s des fournisseurs de mati\u00e8res premi\u00e8res.<\/li>\n \t<li>Les femmes participent davantage aux entreprises de fabrication de briquettes en tant que propri\u00e9taires\/exploitantes et employ\u00e9es.<\/li>\n \t<li>Les entreprises de briquettes \u00e9tablissent une communaut\u00e9 de pratique pour tirer parti de leurs connaissances collectives.<\/li>\n \t<li>Les entreprises de briquettes g\u00e9n\u00e8rent un impact positif sur l&#039;environnement en rempla\u00e7ant l&#039;utilisation du charbon de bois traditionnel.<\/li>\n<\/ul>\t\t\t\t\t\t\t\t<\/div>\n\t\t\t\t<\/div>\n\t\t\t\t\t<\/div>\n\t\t<\/div>\n\t\t\t\t<div class=\"elementor-column elementor-col-50 elementor-top-column elementor-element elementor-element-62a3091\" data-id=\"62a3091\" data-element_type=\"column\" data-e-type=\"column\">\n\t\t\t<div class=\"elementor-widget-wrap elementor-element-populated\">\n\t\t\t\t\t\t<div class=\"elementor-element elementor-element-3130bfe elementor-widget elementor-widget-image\" data-id=\"3130bfe\" data-element_type=\"widget\" data-e-type=\"widget\" data-widget_type=\"image.default\">\n\t\t\t\t<div class=\"elementor-widget-container\">\n\t\t\t\t\t\t\t\t\t\t\t\t\t\t\t<img decoding=\"async\" src=\"https:\/\/charcoalproject.org\/wp-content\/uploads\/2020\/05\/hfi_imipacts.png\" title=\"\" alt=\"\" loading=\"lazy\" \/>\t\t\t\t\t\t\t\t\t\t\t\t\t\t\t<\/div>\n\t\t\t\t<\/div>\n\t\t\t\t\t<\/div>\n\t\t<\/div>\n\t\t\t\t\t<\/div>\n\t\t<\/section>\n\t\t\t\t<\/div>","protected":false},"excerpt":{"rendered":"<p>HFI Impact We are helping entrepreneurs make positive impacts on the environment, energy access, health and livelihoods. Entrepreneurs making an Impact Low- and middle-income consumers in urban or peri-urban areas have access to sustainable and low-cost fuel options that are comparable in quality to wood charcoal. Charcoal briquette producers are able to achieve a production [&hellip;]<\/p>\n","protected":false},"author":1,"featured_media":0,"parent":0,"menu_order":0,"comment_status":"closed","ping_status":"closed","template":"elementor_header_footer","meta":{"_acf_changed":false,"give_campaign_id":0,"site-sidebar-layout":"default","site-content-layout":"default","ast-site-content-layout":"default","site-content-style":"default","site-sidebar-style":"default","ast-global-header-display":"","ast-banner-title-visibility":"","ast-main-header-display":"","ast-hfb-above-header-display":"","ast-hfb-below-header-display":"","ast-hfb-mobile-header-display":"","site-post-title":"","ast-breadcrumbs-content":"","ast-featured-img":"","footer-sml-layout":"","ast-disable-related-posts":"","theme-transparent-header-meta":"default","adv-header-id-meta":"","stick-header-meta":"","header-above-stick-meta":"","header-main-stick-meta":"","header-below-stick-meta":"","astra-migrate-meta-layouts":"default","ast-page-background-enabled":"default","ast-page-background-meta":{"desktop":{"background-color":"","background-image":"","background-repeat":"repeat","background-position":"center center","background-size":"auto","background-attachment":"scroll","background-type":"","background-media":"","overlay-type":"","overlay-color":"","overlay-opacity":"","overlay-gradient":""},"tablet":{"background-color":"","background-image":"","background-repeat":"repeat","background-position":"center center","background-size":"auto","background-attachment":"scroll","background-type":"","background-media":"","overlay-type":"","overlay-color":"","overlay-opacity":"","overlay-gradient":""},"mobile":{"background-color":"","background-image":"","background-repeat":"repeat","background-position":"center center","background-size":"auto","background-attachment":"scroll","background-type":"","background-media":"","overlay-type":"","overlay-color":"","overlay-opacity":"","overlay-gradient":""}},"ast-content-background-meta":{"desktop":{"background-color":"var(--ast-global-color-5)","background-image":"","background-repeat":"repeat","background-position":"center center","background-size":"auto","background-attachment":"scroll","background-type":"","background-media":"","overlay-type":"","overlay-color":"","overlay-opacity":"","overlay-gradient":""},"tablet":{"background-color":"var(--ast-global-color-5)","background-image":"","background-repeat":"repeat","background-position":"center center","background-size":"auto","background-attachment":"scroll","background-type":"","background-media":"","overlay-type":"","overlay-color":"","overlay-opacity":"","overlay-gradient":""},"mobile":{"background-color":"var(--ast-global-color-5)","background-image":"","background-repeat":"repeat","background-position":"center center","background-size":"auto","background-attachment":"scroll","background-type":"","background-media":"","overlay-type":"","overlay-color":"","overlay-opacity":"","overlay-gradient":""}},"footnotes":""},"class_list":["post-1350","page","type-page","status-publish","hentry"],"acf":[],"yoast_head":"<!-- This site is optimized with the Yoast SEO plugin v27.4 - https:\/\/yoast.com\/product\/yoast-seo-wordpress\/ -->\n<title>HFI - Impact - The Charcoal Project<\/title>\n<meta name=\"description\" content=\"With HFI, we are helping clean energy entrepreneurs make positive impacts on the environment, energy access, health and livelihoods.\" \/>\n<meta name=\"robots\" content=\"index, follow, max-snippet:-1, max-image-preview:large, max-video-preview:-1\" \/>\n<link rel=\"canonical\" href=\"https:\/\/www.charcoalproject.org\/fr\/hfi-impact\/\" \/>\n<meta property=\"og:locale\" content=\"fr_FR\" \/>\n<meta property=\"og:type\" content=\"article\" \/>\n<meta property=\"og:title\" content=\"HFI - Impact - The Charcoal Project\" \/>\n<meta property=\"og:description\" content=\"With HFI, we are helping clean energy entrepreneurs make positive impacts on the environment, energy access, health and livelihoods.\" \/>\n<meta property=\"og:url\" content=\"https:\/\/www.charcoalproject.org\/fr\/hfi-impact\/\" \/>\n<meta property=\"og:site_name\" content=\"The Charcoal Project\" \/>\n<meta property=\"article:publisher\" content=\"https:\/\/www.facebook.com\/TheCharcoalProject\/\" \/>\n<meta property=\"article:modified_time\" content=\"2020-07-24T20:49:04+00:00\" \/>\n<meta property=\"og:image\" content=\"https:\/\/charcoalproject.org\/wp-content\/uploads\/2020\/05\/hfi_imipacts.png\" \/>\n<meta name=\"twitter:card\" content=\"summary_large_image\" \/>\n<meta name=\"twitter:site\" content=\"@charcoalproject\" \/>\n<meta name=\"twitter:label1\" content=\"Dur\u00e9e de lecture estim\u00e9e\" \/>\n\t<meta name=\"twitter:data1\" content=\"1 minute\" \/>\n<script type=\"application\/ld+json\" class=\"yoast-schema-graph\">{\"@context\":\"https:\\\/\\\/schema.org\",\"@graph\":[{\"@type\":\"WebPage\",\"@id\":\"https:\\\/\\\/www.charcoalproject.org\\\/hfi-impact\\\/\",\"url\":\"https:\\\/\\\/www.charcoalproject.org\\\/hfi-impact\\\/\",\"name\":\"HFI - Impact - The Charcoal Project\",\"isPartOf\":{\"@id\":\"https:\\\/\\\/www.charcoalproject.org\\\/#website\"},\"primaryImageOfPage\":{\"@id\":\"https:\\\/\\\/www.charcoalproject.org\\\/hfi-impact\\\/#primaryimage\"},\"image\":{\"@id\":\"https:\\\/\\\/www.charcoalproject.org\\\/hfi-impact\\\/#primaryimage\"},\"thumbnailUrl\":\"https:\\\/\\\/charcoalproject.org\\\/wp-content\\\/uploads\\\/2020\\\/05\\\/hfi_imipacts.png\",\"datePublished\":\"2020-05-28T01:45:22+00:00\",\"dateModified\":\"2020-07-24T20:49:04+00:00\",\"description\":\"With HFI, we are helping clean energy entrepreneurs make positive impacts on the environment, energy access, health and livelihoods.\",\"breadcrumb\":{\"@id\":\"https:\\\/\\\/www.charcoalproject.org\\\/hfi-impact\\\/#breadcrumb\"},\"inLanguage\":\"fr-FR\",\"potentialAction\":[{\"@type\":\"ReadAction\",\"target\":[\"https:\\\/\\\/www.charcoalproject.org\\\/hfi-impact\\\/\"]}]},{\"@type\":\"ImageObject\",\"inLanguage\":\"fr-FR\",\"@id\":\"https:\\\/\\\/www.charcoalproject.org\\\/hfi-impact\\\/#primaryimage\",\"url\":\"https:\\\/\\\/charcoalproject.org\\\/wp-content\\\/uploads\\\/2020\\\/05\\\/hfi_imipacts.png\",\"contentUrl\":\"https:\\\/\\\/charcoalproject.org\\\/wp-content\\\/uploads\\\/2020\\\/05\\\/hfi_imipacts.png\"},{\"@type\":\"BreadcrumbList\",\"@id\":\"https:\\\/\\\/www.charcoalproject.org\\\/hfi-impact\\\/#breadcrumb\",\"itemListElement\":[{\"@type\":\"ListItem\",\"position\":1,\"name\":\"Home\",\"item\":\"https:\\\/\\\/www.charcoalproject.org\\\/\"},{\"@type\":\"ListItem\",\"position\":2,\"name\":\"HFI &#8211; Impact\"}]},{\"@type\":\"WebSite\",\"@id\":\"https:\\\/\\\/www.charcoalproject.org\\\/#website\",\"url\":\"https:\\\/\\\/www.charcoalproject.org\\\/\",\"name\":\"The Charcoal Project\",\"description\":\"To promote, facilitate, and advocate for the widespread adoption of clean burning technologies\",\"publisher\":{\"@id\":\"https:\\\/\\\/www.charcoalproject.org\\\/#organization\"},\"potentialAction\":[{\"@type\":\"SearchAction\",\"target\":{\"@type\":\"EntryPoint\",\"urlTemplate\":\"https:\\\/\\\/www.charcoalproject.org\\\/?s={search_term_string}\"},\"query-input\":{\"@type\":\"PropertyValueSpecification\",\"valueRequired\":true,\"valueName\":\"search_term_string\"}}],\"inLanguage\":\"fr-FR\"},{\"@type\":\"Organization\",\"@id\":\"https:\\\/\\\/www.charcoalproject.org\\\/#organization\",\"name\":\"The Charcoal Project\",\"url\":\"https:\\\/\\\/www.charcoalproject.org\\\/\",\"logo\":{\"@type\":\"ImageObject\",\"inLanguage\":\"fr-FR\",\"@id\":\"https:\\\/\\\/www.charcoalproject.org\\\/#\\\/schema\\\/logo\\\/image\\\/\",\"url\":\"https:\\\/\\\/www.charcoalproject.org\\\/wp-content\\\/uploads\\\/2024\\\/10\\\/char_Sq.jpg\",\"contentUrl\":\"https:\\\/\\\/www.charcoalproject.org\\\/wp-content\\\/uploads\\\/2024\\\/10\\\/char_Sq.jpg\",\"width\":700,\"height\":700,\"caption\":\"The Charcoal Project\"},\"image\":{\"@id\":\"https:\\\/\\\/www.charcoalproject.org\\\/#\\\/schema\\\/logo\\\/image\\\/\"},\"sameAs\":[\"https:\\\/\\\/www.facebook.com\\\/TheCharcoalProject\\\/\",\"https:\\\/\\\/x.com\\\/charcoalproject\"]}]}<\/script>\n<!-- \/ Yoast SEO plugin. -->","yoast_head_json":{"title":"HFI - Impact - Le Projet Charbon","description":"Avec HFI, nous aidons les entrepreneurs du secteur des \u00e9nergies propres \u00e0 avoir un impact positif sur l\u2019environnement, l\u2019acc\u00e8s \u00e0 l\u2019\u00e9nergie, la sant\u00e9 et les moyens de subsistance.","robots":{"index":"index","follow":"follow","max-snippet":"max-snippet:-1","max-image-preview":"max-image-preview:large","max-video-preview":"max-video-preview:-1"},"canonical":"https:\/\/www.charcoalproject.org\/fr\/hfi-impact\/","og_locale":"fr_FR","og_type":"article","og_title":"HFI - Impact - The Charcoal Project","og_description":"With HFI, we are helping clean energy entrepreneurs make positive impacts on the environment, energy access, health and livelihoods.","og_url":"https:\/\/www.charcoalproject.org\/fr\/hfi-impact\/","og_site_name":"The Charcoal Project","article_publisher":"https:\/\/www.facebook.com\/TheCharcoalProject\/","article_modified_time":"2020-07-24T20:49:04+00:00","og_image":[{"url":"https:\/\/charcoalproject.org\/wp-content\/uploads\/2020\/05\/hfi_imipacts.png","type":"","width":"","height":""}],"twitter_card":"summary_large_image","twitter_site":"@charcoalproject","twitter_misc":{"Dur\u00e9e de lecture estim\u00e9e":"1 minute"},"schema":{"@context":"https:\/\/schema.org","@graph":[{"@type":"WebPage","@id":"https:\/\/www.charcoalproject.org\/hfi-impact\/","url":"https:\/\/www.charcoalproject.org\/hfi-impact\/","name":"HFI - Impact - Le Projet Charbon","isPartOf":{"@id":"https:\/\/www.charcoalproject.org\/#website"},"primaryImageOfPage":{"@id":"https:\/\/www.charcoalproject.org\/hfi-impact\/#primaryimage"},"image":{"@id":"https:\/\/www.charcoalproject.org\/hfi-impact\/#primaryimage"},"thumbnailUrl":"https:\/\/charcoalproject.org\/wp-content\/uploads\/2020\/05\/hfi_imipacts.png","datePublished":"2020-05-28T01:45:22+00:00","dateModified":"2020-07-24T20:49:04+00:00","description":"Avec HFI, nous aidons les entrepreneurs du secteur des \u00e9nergies propres \u00e0 avoir un impact positif sur l\u2019environnement, l\u2019acc\u00e8s \u00e0 l\u2019\u00e9nergie, la sant\u00e9 et les moyens de subsistance.","breadcrumb":{"@id":"https:\/\/www.charcoalproject.org\/hfi-impact\/#breadcrumb"},"inLanguage":"fr-FR","potentialAction":[{"@type":"ReadAction","target":["https:\/\/www.charcoalproject.org\/hfi-impact\/"]}]},{"@type":"ImageObject","inLanguage":"fr-FR","@id":"https:\/\/www.charcoalproject.org\/hfi-impact\/#primaryimage","url":"https:\/\/charcoalproject.org\/wp-content\/uploads\/2020\/05\/hfi_imipacts.png","contentUrl":"https:\/\/charcoalproject.org\/wp-content\/uploads\/2020\/05\/hfi_imipacts.png"},{"@type":"BreadcrumbList","@id":"https:\/\/www.charcoalproject.org\/hfi-impact\/#breadcrumb","itemListElement":[{"@type":"ListItem","position":1,"name":"Home","item":"https:\/\/www.charcoalproject.org\/"},{"@type":"ListItem","position":2,"name":"HFI &#8211; Impact"}]},{"@type":"WebSite","@id":"https:\/\/www.charcoalproject.org\/#website","url":"https:\/\/www.charcoalproject.org\/","name":"Le projet de charbon de bois","description":"Promouvoir, faciliter et plaider en faveur de l\u2019adoption g\u00e9n\u00e9ralis\u00e9e de technologies de combustion propre","publisher":{"@id":"https:\/\/www.charcoalproject.org\/#organization"},"potentialAction":[{"@type":"SearchAction","target":{"@type":"EntryPoint","urlTemplate":"https:\/\/www.charcoalproject.org\/?s={search_term_string}"},"query-input":{"@type":"PropertyValueSpecification","valueRequired":true,"valueName":"search_term_string"}}],"inLanguage":"fr-FR"},{"@type":"Organization","@id":"https:\/\/www.charcoalproject.org\/#organization","name":"Le projet de charbon de bois","url":"https:\/\/www.charcoalproject.org\/","logo":{"@type":"ImageObject","inLanguage":"fr-FR","@id":"https:\/\/www.charcoalproject.org\/#\/schema\/logo\/image\/","url":"https:\/\/www.charcoalproject.org\/wp-content\/uploads\/2024\/10\/char_Sq.jpg","contentUrl":"https:\/\/www.charcoalproject.org\/wp-content\/uploads\/2024\/10\/char_Sq.jpg","width":700,"height":700,"caption":"The Charcoal Project"},"image":{"@id":"https:\/\/www.charcoalproject.org\/#\/schema\/logo\/image\/"},"sameAs":["https:\/\/www.facebook.com\/TheCharcoalProject\/","https:\/\/x.com\/charcoalproject"]}]}},"campaignId":"","_links":{"self":[{"href":"https:\/\/www.charcoalproject.org\/fr\/wp-json\/wp\/v2\/pages\/1350","targetHints":{"allow":["GET"]}}],"collection":[{"href":"https:\/\/www.charcoalproject.org\/fr\/wp-json\/wp\/v2\/pages"}],"about":[{"href":"https:\/\/www.charcoalproject.org\/fr\/wp-json\/wp\/v2\/types\/page"}],"author":[{"embeddable":true,"href":"https:\/\/www.charcoalproject.org\/fr\/wp-json\/wp\/v2\/users\/1"}],"replies":[{"embeddable":true,"href":"https:\/\/www.charcoalproject.org\/fr\/wp-json\/wp\/v2\/comments?post=1350"}],"version-history":[{"count":0,"href":"https:\/\/www.charcoalproject.org\/fr\/wp-json\/wp\/v2\/pages\/1350\/revisions"}],"wp:attachment":[{"href":"https:\/\/www.charcoalproject.org\/fr\/wp-json\/wp\/v2\/media?parent=1350"}],"curies":[{"name":"wp","href":"https:\/\/api.w.org\/{rel}","templated":true}]}}